{"id":3240,"date":"2024-12-12T12:39:26","date_gmt":"2024-12-12T16:39:26","guid":{"rendered":"https:\/\/tulibreando.com\/?post_type=product&#038;p=3240"},"modified":"2024-12-12T12:39:27","modified_gmt":"2024-12-12T16:39:27","slug":"la-voragine","status":"publish","type":"product","link":"https:\/\/tulibreando.com\/index.php\/product\/la-voragine\/","title":{"rendered":"La voragine"},"content":{"rendered":"<p>Las ediciones de La Vor\u00e1gine se cuentan por legiones: desde las doctas, cargadas de notas al pie, hasta las de filibustera factura, que no pueden faltar en cualquier ag\u00e1chese. La apropiaci\u00f3n popular de la novela tambi\u00e9n ha sido innegable. A\u00fan hay quienes se la aprenden de memoria y dif\u00edcilmente habr\u00e1 territorio de frontera donde no exista una pensi\u00f3n o una casa de empe\u00f1o llamada \u00abLa Vor\u00e1gine\u00bb. Para ser centenaria, no merma su necesidad. Pero el \u00e9xito le ha tra\u00eddo consigo dos maldiciones: ser encasillada en categor\u00edas limitadas, como \u00abnovela de la selva\u00bb, \u00abnovela de la violencia\u00bb, &#8220;novela de las caucher\u00edas&#8221;, atinadas pero parciales para una obra que es justamente sobre la vastedad y la porosidad de las fronteras. La segunda maldici\u00f3n es que se haya vuelto de obligada lectura en el colegio, y que cuando m\u00e1s debiera maravillar, espante. La recordamos como una tarea indigesta e irrelevante, hasta que la leemos con ojos nuevos y nos sorprende y fascina como un tesoro reci\u00e9n descubierto. El regreso a &#8216;La Vor\u00e1gine&#8217; suele volvernos adeptos, si no adictos a sus p\u00e1ginas. La primera versi\u00f3n de la novela, la de 1924, que conmemoramos con esta edici\u00f3n, era m\u00e1s osada y cadenciosa que las posteriores; aqu\u00ed reproducimos su prosa po\u00e9tica, con arriesgada fidelidad, e incluimos las fotograf\u00edas que Rivera consider\u00f3 fundamentales para soportar la historia, en un gesto vanguardista sin precedentes, ignorado despu\u00e9s con inexplicable terquedad. Acompa\u00f1amos la novela con una secci\u00f3n de notas al final -en donde hacemos una confrontaci\u00f3n con los manuscritos que conserva la Biblioteca Nacional de Colombia, que arroja nuevas luces sobre las bases hist\u00f3ricas y las primeras intenciones narrativas del autor- y quince textos que demuestran su inagotable vigencia y dialogan con ella desde el amplio espectro de las disciplinas sociales y humanas.<\/p>\n","protected":false},"excerpt":{"rendered":"<p>Las ediciones de La Vor\u00e1gine se cuentan por legiones: desde las doctas, cargadas de notas al pie, hasta las de filibustera factura, que no pueden faltar en cualquier ag\u00e1chese. La apropiaci\u00f3n popular de la novela tambi\u00e9n ha sido innegable. A\u00fan hay quienes se la aprenden de memoria y dif\u00edcilmente habr\u00e1 territorio de frontera donde no [&hellip;]<\/p>\n","protected":false},"featured_media":3241,"comment_status":"open","ping_status":"closed","template":"","meta":{"_acf_changed":false,"product_autor":""},"product_cat":[47,36,45],"product_tag":[],"class_list":{"0":"post-3240","1":"product","2":"type-product","3":"status-publish","4":"has-post-thumbnail","6":"product_cat-historia-y-bibligrafias","7":"product_cat-libros","8":"product_cat-literatura-y-novelas","10":"first","11":"instock","12":"shipping-taxable","13":"purchasable","14":"product-type-simple"},"acf":[],"_links":{"self":[{"href":"https:\/\/tulibreando.com\/index.php\/wp-json\/wp\/v2\/product\/3240"}],"collection":[{"href":"https:\/\/tulibreando.com\/index.php\/wp-json\/wp\/v2\/product"}],"about":[{"href":"https:\/\/tulibreando.com\/index.php\/wp-json\/wp\/v2\/types\/product"}],"replies":[{"embeddable":true,"href":"https:\/\/tulibreando.com\/index.php\/wp-json\/wp\/v2\/comments?post=3240"}],"wp:featuredmedia":[{"embeddable":true,"href":"https:\/\/tulibreando.com\/index.php\/wp-json\/wp\/v2\/media\/3241"}],"wp:attachment":[{"href":"https:\/\/tulibreando.com\/index.php\/wp-json\/wp\/v2\/media?parent=3240"}],"wp:term":[{"taxonomy":"product_cat","embeddable":true,"href":"https:\/\/tulibreando.com\/index.php\/wp-json\/wp\/v2\/product_cat?post=3240"},{"taxonomy":"product_tag","embeddable":true,"href":"https:\/\/tulibreando.com\/index.php\/wp-json\/wp\/v2\/product_tag?post=3240"}],"curies":[{"name":"wp","href":"https:\/\/api.w.org\/{rel}","templated":true}]}}