{"id":3239,"date":"2024-12-12T12:34:35","date_gmt":"2024-12-12T16:34:35","guid":{"rendered":"https:\/\/tulibreando.com\/?post_type=product&#038;p=3239"},"modified":"2024-12-12T12:49:48","modified_gmt":"2024-12-12T16:49:48","slug":"mas-astuto-que-el-diablo","status":"publish","type":"product","link":"https:\/\/tulibreando.com\/index.php\/product\/mas-astuto-que-el-diablo\/","title":{"rendered":"Mas astuto que el diablo"},"content":{"rendered":"<p>M\u00e1s astuto que el diablo<\/p>\n<p>El texto original sin editar, incluyendo contenido nunca antes publicado del manuscrito original de Napoleon Hill.<\/p>\n<p>Tras el \u00e9xito de su libro de mayor venta de 1937, Piense y h\u00e1gase rico, Napoleon Hill escribi\u00f3 M\u00e1s astuto que el diablo, una obra que expone los m\u00e9todos que el diablo utiliza para atrapar y controlar las mentes de los seres humanos. Al profundizarse en la sicolog\u00eda de la motivaci\u00f3n para comprender por qu\u00e9 tantas personas, incluy\u00e9ndose a s\u00ed mismo, no pueden encontrar la iniciativa y el valor que necesitan para implementar constantemente la filosof\u00eda del \u00e9xito individual, Hill lleg\u00f3 a entrevistar al diablo mismo. La confesi\u00f3n resultante del diablo hizo que este libro fuera tan controversial que permaneci\u00f3 in\u00e9dito por m\u00e1s de 70 a\u00f1os. Ahora es tu oportunidad de romper el c\u00f3digo del diablo y liberarte de los m\u00e9todos ocultos de control que conducen a la ruina.<\/p>\n<p>En esta reproducci\u00f3n del texto completo del manuscrito original de Hill, se detalla la naturaleza exacta del poder por el cual el diablo desarma a los seres humanos con temor, procrastinaci\u00f3n, ira y celos para que no alcancen todo su potencial. Este es el mismo poder que paraliz\u00f3 a millones de personas con temor y desaliento durante la Gran Depresi\u00f3n y sigue impidiendo que alcancen sus sue\u00f1os. La complacencia y la mediocridad no son las ra\u00edces del problema; son s\u00edntomas de males m\u00e1s profundos que la sociedad nos ha condicionado a aceptar. Pero es imperativo que abras tu mente para adquirir conocimiento y considerar hechos que posiblemente no armonicen con tus creencias personales a fin de acceder a una verdad mayor que, como Hill dijo en su prefacio original, &#8220;traer\u00e1 armon\u00eda del caos en esta edad de frustraci\u00f3n y temor&#8221;.<\/p>\n<p>Si has sido v\u00edctima del valor perdido, entusiasmo debilitado, y p\u00e9rdida de autodisciplina &#8212; si est\u00e1s desmoralizado y te persigue el temor, la ansiedad, el agobio o la apat\u00eda; los siete principios a la libertad detallados en este libro anuncian tu redenci\u00f3n. Por fin te independizar\u00e1s de las causas del fracaso y la miseria, romper\u00e1s los lazos de los h\u00e1bitos destructivos, y descubrir\u00e1s el secreto de una ley natural tan significativa como la ley de la gravedad para que llegues a ser m\u00e1s astuto que el diablo y lo derrotes en sus tramas de una vez por todas.<\/p>\n","protected":false},"excerpt":{"rendered":"<p>M\u00e1s astuto que el diablo El texto original sin editar, incluyendo contenido nunca antes publicado del manuscrito original de Napoleon Hill. Tras el \u00e9xito de su libro de mayor venta de 1937, Piense y h\u00e1gase rico, Napoleon Hill escribi\u00f3 M\u00e1s astuto que el diablo, una obra que expone los m\u00e9todos que el diablo utiliza para [&hellip;]<\/p>\n","protected":false},"featured_media":3248,"comment_status":"open","ping_status":"closed","template":"","meta":{"_acf_changed":false,"product_autor":""},"product_cat":[39,50,47,36],"product_tag":[],"class_list":{"0":"post-3239","1":"product","2":"type-product","3":"status-publish","4":"has-post-thumbnail","6":"product_cat-crecimiento-personal","7":"product_cat-destacados","8":"product_cat-historia-y-bibligrafias","9":"product_cat-libros","11":"first","12":"instock","13":"shipping-taxable","14":"purchasable","15":"product-type-simple"},"acf":[],"_links":{"self":[{"href":"https:\/\/tulibreando.com\/index.php\/wp-json\/wp\/v2\/product\/3239"}],"collection":[{"href":"https:\/\/tulibreando.com\/index.php\/wp-json\/wp\/v2\/product"}],"about":[{"href":"https:\/\/tulibreando.com\/index.php\/wp-json\/wp\/v2\/types\/product"}],"replies":[{"embeddable":true,"href":"https:\/\/tulibreando.com\/index.php\/wp-json\/wp\/v2\/comments?post=3239"}],"wp:featuredmedia":[{"embeddable":true,"href":"https:\/\/tulibreando.com\/index.php\/wp-json\/wp\/v2\/media\/3248"}],"wp:attachment":[{"href":"https:\/\/tulibreando.com\/index.php\/wp-json\/wp\/v2\/media?parent=3239"}],"wp:term":[{"taxonomy":"product_cat","embeddable":true,"href":"https:\/\/tulibreando.com\/index.php\/wp-json\/wp\/v2\/product_cat?post=3239"},{"taxonomy":"product_tag","embeddable":true,"href":"https:\/\/tulibreando.com\/index.php\/wp-json\/wp\/v2\/product_tag?post=3239"}],"curies":[{"name":"wp","href":"https:\/\/api.w.org\/{rel}","templated":true}]}}