{"id":3233,"date":"2024-12-12T12:06:01","date_gmt":"2024-12-12T16:06:01","guid":{"rendered":"https:\/\/tulibreando.com\/?post_type=product&#038;p=3233"},"modified":"2024-12-12T12:06:37","modified_gmt":"2024-12-12T16:06:37","slug":"cell","status":"publish","type":"product","link":"https:\/\/tulibreando.com\/index.php\/product\/cell\/","title":{"rendered":"Cell"},"content":{"rendered":"<p>El d\u00eda 1 de octubre a las 15:03 se env\u00edan mensajes a trav\u00e9s de los tel\u00e9fonos m\u00f3viles que convierten a todos los que los reciben en zombies asesinos&#8230; Se desata una locura criminal y destructiva de la que pocos escapar\u00e1n, y los que lo logren tendr\u00e1n que sobrevivir en un mundo totalmente transformado. Terror puro, el retrato de un mundo escalofriante que nunca volver\u00e1 a ser el mismo.<\/p>\n","protected":false},"excerpt":{"rendered":"<p>El d\u00eda 1 de octubre a las 15:03 se env\u00edan mensajes a trav\u00e9s de los tel\u00e9fonos m\u00f3viles que convierten a todos los que los reciben en zombies asesinos&#8230; Se desata una locura criminal y destructiva de la que pocos escapar\u00e1n, y los que lo logren tendr\u00e1n que sobrevivir en un mundo totalmente transformado. Terror puro, [&hellip;]<\/p>\n","protected":false},"featured_media":3234,"comment_status":"open","ping_status":"closed","template":"","meta":{"_acf_changed":false,"product_autor":""},"product_cat":[36,45],"product_tag":[],"class_list":{"0":"post-3233","1":"product","2":"type-product","3":"status-publish","4":"has-post-thumbnail","6":"product_cat-libros","7":"product_cat-literatura-y-novelas","9":"first","10":"instock","11":"shipping-taxable","12":"purchasable","13":"product-type-simple"},"acf":[],"_links":{"self":[{"href":"https:\/\/tulibreando.com\/index.php\/wp-json\/wp\/v2\/product\/3233"}],"collection":[{"href":"https:\/\/tulibreando.com\/index.php\/wp-json\/wp\/v2\/product"}],"about":[{"href":"https:\/\/tulibreando.com\/index.php\/wp-json\/wp\/v2\/types\/product"}],"replies":[{"embeddable":true,"href":"https:\/\/tulibreando.com\/index.php\/wp-json\/wp\/v2\/comments?post=3233"}],"wp:featuredmedia":[{"embeddable":true,"href":"https:\/\/tulibreando.com\/index.php\/wp-json\/wp\/v2\/media\/3234"}],"wp:attachment":[{"href":"https:\/\/tulibreando.com\/index.php\/wp-json\/wp\/v2\/media?parent=3233"}],"wp:term":[{"taxonomy":"product_cat","embeddable":true,"href":"https:\/\/tulibreando.com\/index.php\/wp-json\/wp\/v2\/product_cat?post=3233"},{"taxonomy":"product_tag","embeddable":true,"href":"https:\/\/tulibreando.com\/index.php\/wp-json\/wp\/v2\/product_tag?post=3233"}],"curies":[{"name":"wp","href":"https:\/\/api.w.org\/{rel}","templated":true}]}}