{"id":3228,"date":"2024-12-12T11:55:22","date_gmt":"2024-12-12T15:55:22","guid":{"rendered":"https:\/\/tulibreando.com\/?post_type=product&#038;p=3228"},"modified":"2024-12-12T11:55:22","modified_gmt":"2024-12-12T15:55:22","slug":"persuasion","status":"publish","type":"product","link":"https:\/\/tulibreando.com\/index.php\/product\/persuasion\/","title":{"rendered":"Persuasi\u00f3n"},"content":{"rendered":"<p>La \u00faltima novela de la autora de\u00a0<i>Orgullo y prejuicio<\/i>\u00a0y\u00a0<i>Emma<\/i><\/p>\n<p><i>Persuasi\u00f3n<\/i>, la \u00faltima novela que nos leg\u00f3 Jane Austen, narra la noble historia de amor que brot\u00f3 entre Anne Elliot y el capit\u00e1n Wentworth. Tras las exitosas maniobras de la familia de Anne para persuadirla de que lo rechace por su baja condici\u00f3n social, la joven pareja se separa. Pero las penosas circunstancias en las que se ve envuelta la familia de sir Elliot propician, tras algunos a\u00f1os apartada, que la vieja pareja vuelva a encontrarse.<\/p>\n","protected":false},"excerpt":{"rendered":"<p>La \u00faltima novela de la autora de\u00a0Orgullo y prejuicio\u00a0y\u00a0Emma Persuasi\u00f3n, la \u00faltima novela que nos leg\u00f3 Jane Austen, narra la noble historia de amor que brot\u00f3 entre Anne Elliot y el capit\u00e1n Wentworth. Tras las exitosas maniobras de la familia de Anne para persuadirla de que lo rechace por su baja condici\u00f3n social, la joven [&hellip;]<\/p>\n","protected":false},"featured_media":3229,"comment_status":"open","ping_status":"closed","template":"","meta":{"_acf_changed":false,"product_autor":""},"product_cat":[36,45],"product_tag":[],"class_list":{"0":"post-3228","1":"product","2":"type-product","3":"status-publish","4":"has-post-thumbnail","6":"product_cat-libros","7":"product_cat-literatura-y-novelas","9":"first","10":"instock","11":"shipping-taxable","12":"purchasable","13":"product-type-simple"},"acf":[],"_links":{"self":[{"href":"https:\/\/tulibreando.com\/index.php\/wp-json\/wp\/v2\/product\/3228"}],"collection":[{"href":"https:\/\/tulibreando.com\/index.php\/wp-json\/wp\/v2\/product"}],"about":[{"href":"https:\/\/tulibreando.com\/index.php\/wp-json\/wp\/v2\/types\/product"}],"replies":[{"embeddable":true,"href":"https:\/\/tulibreando.com\/index.php\/wp-json\/wp\/v2\/comments?post=3228"}],"wp:featuredmedia":[{"embeddable":true,"href":"https:\/\/tulibreando.com\/index.php\/wp-json\/wp\/v2\/media\/3229"}],"wp:attachment":[{"href":"https:\/\/tulibreando.com\/index.php\/wp-json\/wp\/v2\/media?parent=3228"}],"wp:term":[{"taxonomy":"product_cat","embeddable":true,"href":"https:\/\/tulibreando.com\/index.php\/wp-json\/wp\/v2\/product_cat?post=3228"},{"taxonomy":"product_tag","embeddable":true,"href":"https:\/\/tulibreando.com\/index.php\/wp-json\/wp\/v2\/product_tag?post=3228"}],"curies":[{"name":"wp","href":"https:\/\/api.w.org\/{rel}","templated":true}]}}