{"id":3212,"date":"2024-12-05T23:04:40","date_gmt":"2024-12-06T03:04:40","guid":{"rendered":"https:\/\/tulibreando.com\/?post_type=product&#038;p=3212"},"modified":"2024-12-05T23:04:40","modified_gmt":"2024-12-06T03:04:40","slug":"promesas-crueles","status":"publish","type":"product","link":"https:\/\/tulibreando.com\/index.php\/product\/promesas-crueles\/","title":{"rendered":"Promesas crueles"},"content":{"rendered":"<div id=\"_synopsis_1155\" class=\"product-synopsis mb-4\">\n<div class=\"all\">\n<p><b>Un final \u00e9pico para la historia profundamente\u00a0rom\u00e1ntica y maravillosamente escrita que comenz\u00f3\u00a0con\u00a0<i>Rivales divinos<\/i>.<\/b><\/p>\n<p>Han pasado dos semanas desde que Iris regres\u00f3 del frente, herida y\u00a0con el coraz\u00f3n roto, pero la guerra dista mucho de haber terminado.<\/p>\n<p>Roman est\u00e1 en paradero desconocido, perdido tras las l\u00edneas enemigas, sin recuerdos de su pasado o de Iris. Con la esperanza de recobrar\u00a0la memoria, vuelve a escribir de nuevo, pero esta vez para el enemigo.<\/p>\n<p>Cuando una extra\u00f1a carta llega a trav\u00e9s de la puerta de su armario,\u00a0empieza a intercambiar mensajes con una amiga por correspondencia\u00a0que le resulta a la vez misteriosa\u2026 y curiosamente familiar.<\/p>\n<p>A medida que su v\u00ednculo se consolida, ambos arriesgar\u00e1n sus corazones y su futuro para cambiar las tornas de la guerra.<\/p>\n<\/div>\n<\/div>\n<div><\/div>\n<div>\n<p><b>DOS CORAZONES\u00a0 \u00a0 <\/b><b>DOS CAMINOS\u00a0 \u00a0 <\/b><b>DOS ELECCIONES\u00a0 \u00a0 <\/b><b>UN DESTINO<\/b><\/p>\n<\/div>\n","protected":false},"excerpt":{"rendered":"<p>Un final \u00e9pico para la historia profundamente\u00a0rom\u00e1ntica y maravillosamente escrita que comenz\u00f3\u00a0con\u00a0Rivales divinos. Han pasado dos semanas desde que Iris regres\u00f3 del frente, herida y\u00a0con el coraz\u00f3n roto, pero la guerra dista mucho de haber terminado. Roman est\u00e1 en paradero desconocido, perdido tras las l\u00edneas enemigas, sin recuerdos de su pasado o de Iris. Con [&hellip;]<\/p>\n","protected":false},"featured_media":3213,"comment_status":"open","ping_status":"closed","template":"","meta":{"_acf_changed":false,"product_autor":""},"product_cat":[36,45],"product_tag":[],"class_list":{"0":"post-3212","1":"product","2":"type-product","3":"status-publish","4":"has-post-thumbnail","6":"product_cat-libros","7":"product_cat-literatura-y-novelas","9":"first","10":"instock","11":"shipping-taxable","12":"purchasable","13":"product-type-simple"},"acf":[],"_links":{"self":[{"href":"https:\/\/tulibreando.com\/index.php\/wp-json\/wp\/v2\/product\/3212"}],"collection":[{"href":"https:\/\/tulibreando.com\/index.php\/wp-json\/wp\/v2\/product"}],"about":[{"href":"https:\/\/tulibreando.com\/index.php\/wp-json\/wp\/v2\/types\/product"}],"replies":[{"embeddable":true,"href":"https:\/\/tulibreando.com\/index.php\/wp-json\/wp\/v2\/comments?post=3212"}],"wp:featuredmedia":[{"embeddable":true,"href":"https:\/\/tulibreando.com\/index.php\/wp-json\/wp\/v2\/media\/3213"}],"wp:attachment":[{"href":"https:\/\/tulibreando.com\/index.php\/wp-json\/wp\/v2\/media?parent=3212"}],"wp:term":[{"taxonomy":"product_cat","embeddable":true,"href":"https:\/\/tulibreando.com\/index.php\/wp-json\/wp\/v2\/product_cat?post=3212"},{"taxonomy":"product_tag","embeddable":true,"href":"https:\/\/tulibreando.com\/index.php\/wp-json\/wp\/v2\/product_tag?post=3212"}],"curies":[{"name":"wp","href":"https:\/\/api.w.org\/{rel}","templated":true}]}}