{"id":3210,"date":"2024-12-05T23:01:19","date_gmt":"2024-12-06T03:01:19","guid":{"rendered":"https:\/\/tulibreando.com\/?post_type=product&#038;p=3210"},"modified":"2024-12-05T23:01:19","modified_gmt":"2024-12-06T03:01:19","slug":"rivales-divinos","status":"publish","type":"product","link":"https:\/\/tulibreando.com\/index.php\/product\/rivales-divinos\/","title":{"rendered":"Rivales divinos"},"content":{"rendered":"<p>Despu\u00e9s de siglos de sue\u00f1o, los dioses vuelven a la guerra. Pero Iris Winnow, una joven de dieciocho a\u00f1os, solo quiere mantener unida a su familia. Su madre es adicta, y su hermano ha desaparecido de las l\u00edneas de combate. La mejor opci\u00f3n que tiene es ganar la promoci\u00f3n de columnista en el Oath Gazette.<\/p>\n<p>Para combatir sus preocupaciones, Iris le escribe cartas a su hermano y las coloca debajo de la puerta de su armario, donde desaparecen hasta caer en manos de Roman Kitt, su fr\u00edo y apuesto rival en el peri\u00f3dico. Cuando le responde a Iris de forma an\u00f3nima, los dos forjan una conexi\u00f3n que seguir\u00e1 a Iris hasta el frente de batalla: por su hermano, por el destino de la humanidad y por el amor.<\/p>\n<p>DOS RIVALES\u00a0 \u00a0 DOS HISTORIAS\u00a0 \u00a0 DOS CORAZONES\u00a0 \u00a0 UN DESTINO<\/p>\n","protected":false},"excerpt":{"rendered":"<p>Despu\u00e9s de siglos de sue\u00f1o, los dioses vuelven a la guerra. Pero Iris Winnow, una joven de dieciocho a\u00f1os, solo quiere mantener unida a su familia. Su madre es adicta, y su hermano ha desaparecido de las l\u00edneas de combate. La mejor opci\u00f3n que tiene es ganar la promoci\u00f3n de columnista en el Oath Gazette. [&hellip;]<\/p>\n","protected":false},"featured_media":3211,"comment_status":"open","ping_status":"closed","template":"","meta":{"_acf_changed":false,"product_autor":""},"product_cat":[36,45],"product_tag":[],"class_list":{"0":"post-3210","1":"product","2":"type-product","3":"status-publish","4":"has-post-thumbnail","6":"product_cat-libros","7":"product_cat-literatura-y-novelas","9":"first","10":"instock","11":"shipping-taxable","12":"purchasable","13":"product-type-simple"},"acf":[],"_links":{"self":[{"href":"https:\/\/tulibreando.com\/index.php\/wp-json\/wp\/v2\/product\/3210"}],"collection":[{"href":"https:\/\/tulibreando.com\/index.php\/wp-json\/wp\/v2\/product"}],"about":[{"href":"https:\/\/tulibreando.com\/index.php\/wp-json\/wp\/v2\/types\/product"}],"replies":[{"embeddable":true,"href":"https:\/\/tulibreando.com\/index.php\/wp-json\/wp\/v2\/comments?post=3210"}],"wp:featuredmedia":[{"embeddable":true,"href":"https:\/\/tulibreando.com\/index.php\/wp-json\/wp\/v2\/media\/3211"}],"wp:attachment":[{"href":"https:\/\/tulibreando.com\/index.php\/wp-json\/wp\/v2\/media?parent=3210"}],"wp:term":[{"taxonomy":"product_cat","embeddable":true,"href":"https:\/\/tulibreando.com\/index.php\/wp-json\/wp\/v2\/product_cat?post=3210"},{"taxonomy":"product_tag","embeddable":true,"href":"https:\/\/tulibreando.com\/index.php\/wp-json\/wp\/v2\/product_tag?post=3210"}],"curies":[{"name":"wp","href":"https:\/\/api.w.org\/{rel}","templated":true}]}}