{"id":3206,"date":"2024-12-05T22:52:31","date_gmt":"2024-12-06T02:52:31","guid":{"rendered":"https:\/\/tulibreando.com\/?post_type=product&#038;p=3206"},"modified":"2024-12-05T22:52:31","modified_gmt":"2024-12-06T02:52:31","slug":"cianuro-espumoso","status":"publish","type":"product","link":"https:\/\/tulibreando.com\/index.php\/product\/cianuro-espumoso\/","title":{"rendered":"Cianuro espumoso"},"content":{"rendered":"<p>Seis personas est\u00e1n sentadas en la mesa de un lujoso restaurante. Una de las sillas est\u00e1 vac\u00eda. Ante la silla vac\u00eda hay un ramillete de romero\u00a0en recuerdo de Rosemary Burton, fallecida en el mismo restaurante hace exactamente un a\u00f1o. Es poco probable, no obstante, que alguien haya olvidado la noche en que Rosemary muri\u00f3 en esa misma mesa, con el rostro azulado y descompuesto por el dolor. \u00bfFue un suicidio o un asesinato? S\u00f3lo cuando el coronel Race aparece en escena la verdad empieza a aflorar.<\/p>\n","protected":false},"excerpt":{"rendered":"<p>Seis personas est\u00e1n sentadas en la mesa de un lujoso restaurante. Una de las sillas est\u00e1 vac\u00eda. Ante la silla vac\u00eda hay un ramillete de romero\u00a0en recuerdo de Rosemary Burton, fallecida en el mismo restaurante hace exactamente un a\u00f1o. Es poco probable, no obstante, que alguien haya olvidado la noche en que Rosemary muri\u00f3 en [&hellip;]<\/p>\n","protected":false},"featured_media":3207,"comment_status":"open","ping_status":"closed","template":"","meta":{"_acf_changed":false,"product_autor":""},"product_cat":[36,45],"product_tag":[],"class_list":{"0":"post-3206","1":"product","2":"type-product","3":"status-publish","4":"has-post-thumbnail","6":"product_cat-libros","7":"product_cat-literatura-y-novelas","9":"first","10":"instock","11":"shipping-taxable","12":"purchasable","13":"product-type-simple"},"acf":[],"_links":{"self":[{"href":"https:\/\/tulibreando.com\/index.php\/wp-json\/wp\/v2\/product\/3206"}],"collection":[{"href":"https:\/\/tulibreando.com\/index.php\/wp-json\/wp\/v2\/product"}],"about":[{"href":"https:\/\/tulibreando.com\/index.php\/wp-json\/wp\/v2\/types\/product"}],"replies":[{"embeddable":true,"href":"https:\/\/tulibreando.com\/index.php\/wp-json\/wp\/v2\/comments?post=3206"}],"wp:featuredmedia":[{"embeddable":true,"href":"https:\/\/tulibreando.com\/index.php\/wp-json\/wp\/v2\/media\/3207"}],"wp:attachment":[{"href":"https:\/\/tulibreando.com\/index.php\/wp-json\/wp\/v2\/media?parent=3206"}],"wp:term":[{"taxonomy":"product_cat","embeddable":true,"href":"https:\/\/tulibreando.com\/index.php\/wp-json\/wp\/v2\/product_cat?post=3206"},{"taxonomy":"product_tag","embeddable":true,"href":"https:\/\/tulibreando.com\/index.php\/wp-json\/wp\/v2\/product_tag?post=3206"}],"curies":[{"name":"wp","href":"https:\/\/api.w.org\/{rel}","templated":true}]}}