{"id":3195,"date":"2024-12-04T12:51:18","date_gmt":"2024-12-04T16:51:18","guid":{"rendered":"https:\/\/tulibreando.com\/?post_type=product&#038;p=3195"},"modified":"2024-12-04T17:16:18","modified_gmt":"2024-12-04T21:16:18","slug":"torre-del-alba","status":"publish","type":"product","link":"https:\/\/tulibreando.com\/index.php\/product\/torre-del-alba\/","title":{"rendered":"Torre del alba"},"content":{"rendered":"<p data-adtags-visited=\"true\">Chaol Westfall siempre se ha definido a s\u00ed mismo como un hombre de lealtad inquebrantable, de gran fortaleza y a partir de su posici\u00f3n como el capit\u00e1n de la Guardia. Pero todo eso ha cambiado desde que el castillo de cristal se hizo a\u00f1icos: sus hombres fueron diezmados y el rey de Adarlan lo libr\u00f3 de un golpe mortal pero dej\u00f3 su cuerpo destrozado.<\/p>\n<p>Su \u00fanica oportunidad de recuperarse reside en los legendarios curanderos de la Torre Cesme en Antica, el basti\u00f3n del poderoso imperio en el Continente Meridional. Y ahora que la guerra se cierne sobre Dorian y Aelin de vuelta en casa, su supervivencia quiz\u00e1 dependa de que Chaol y Nesryn convenzan a sus regidores de formar una alianza con ellos.<\/p>\n<p>Pero lo que descubren en Antica los cambiar\u00e1 por completo y ser\u00e1 m\u00e1s vital salvar a Erilea de lo que podr\u00edan haber imaginado.<\/p>\n<p>PODER, ALIANZAS, GUERRA, VENGANZA&#8230;<br \/>\nLA TRAVES\u00cdA A UN IMPERIO DISTANTE DE SANADORES M\u00c1GICOS<\/p>\n","protected":false},"excerpt":{"rendered":"<p>Chaol Westfall siempre se ha definido a s\u00ed mismo como un hombre de lealtad inquebrantable, de gran fortaleza y a partir de su posici\u00f3n como el capit\u00e1n de la Guardia. Pero todo eso ha cambiado desde que el castillo de cristal se hizo a\u00f1icos: sus hombres fueron diezmados y el rey de Adarlan lo libr\u00f3 [&hellip;]<\/p>\n","protected":false},"featured_media":3196,"comment_status":"open","ping_status":"closed","template":"","meta":{"_acf_changed":false,"product_autor":""},"product_cat":[36,45],"product_tag":[],"class_list":{"0":"post-3195","1":"product","2":"type-product","3":"status-publish","4":"has-post-thumbnail","6":"product_cat-libros","7":"product_cat-literatura-y-novelas","9":"first","10":"instock","11":"shipping-taxable","12":"purchasable","13":"product-type-simple"},"acf":[],"_links":{"self":[{"href":"https:\/\/tulibreando.com\/index.php\/wp-json\/wp\/v2\/product\/3195"}],"collection":[{"href":"https:\/\/tulibreando.com\/index.php\/wp-json\/wp\/v2\/product"}],"about":[{"href":"https:\/\/tulibreando.com\/index.php\/wp-json\/wp\/v2\/types\/product"}],"replies":[{"embeddable":true,"href":"https:\/\/tulibreando.com\/index.php\/wp-json\/wp\/v2\/comments?post=3195"}],"wp:featuredmedia":[{"embeddable":true,"href":"https:\/\/tulibreando.com\/index.php\/wp-json\/wp\/v2\/media\/3196"}],"wp:attachment":[{"href":"https:\/\/tulibreando.com\/index.php\/wp-json\/wp\/v2\/media?parent=3195"}],"wp:term":[{"taxonomy":"product_cat","embeddable":true,"href":"https:\/\/tulibreando.com\/index.php\/wp-json\/wp\/v2\/product_cat?post=3195"},{"taxonomy":"product_tag","embeddable":true,"href":"https:\/\/tulibreando.com\/index.php\/wp-json\/wp\/v2\/product_tag?post=3195"}],"curies":[{"name":"wp","href":"https:\/\/api.w.org\/{rel}","templated":true}]}}