{"id":3189,"date":"2024-12-04T12:36:08","date_gmt":"2024-12-04T16:36:08","guid":{"rendered":"https:\/\/tulibreando.com\/?post_type=product&#038;p=3189"},"modified":"2024-12-04T12:36:46","modified_gmt":"2024-12-04T16:36:46","slug":"reina-de-sombras","status":"publish","type":"product","link":"https:\/\/tulibreando.com\/index.php\/product\/reina-de-sombras\/","title":{"rendered":"Reina de sombras"},"content":{"rendered":"<p>Celaena Sardothien ha perdido a todos aquellos que ama, pero por fin est\u00e1 de vuelta en el imperio para vengarse, para rescatar a su reino, antes glorioso, y para enfrentar las sombras de su pasado\u2026<\/p>\n<p>Ha reconocido su identidad como Aelin Galathynius, reina de Terrasen. Pero antes de reclamar su trono deber\u00e1 luchar.<\/p>\n<p>Luchar\u00e1 por su primo, un guerrero dispuesto a morir por volver a verla. Luchar\u00e1 por su amigo, un joven atrapado en una prisi\u00f3n inenarrable. Y luchar\u00e1 por su gente, que aguarda esclavizada, bajo el yugo de un inhumano rey, el retorno triunfal de su reina perdida.<\/p>\n<p>LA REINA HA REGRESADO.<\/p>\n","protected":false},"excerpt":{"rendered":"<p>Celaena Sardothien ha perdido a todos aquellos que ama, pero por fin est\u00e1 de vuelta en el imperio para vengarse, para rescatar a su reino, antes glorioso, y para enfrentar las sombras de su pasado\u2026 Ha reconocido su identidad como Aelin Galathynius, reina de Terrasen. Pero antes de reclamar su trono deber\u00e1 luchar. Luchar\u00e1 por [&hellip;]<\/p>\n","protected":false},"featured_media":3190,"comment_status":"open","ping_status":"closed","template":"","meta":{"_acf_changed":false,"product_autor":""},"product_cat":[36,45],"product_tag":[],"class_list":{"0":"post-3189","1":"product","2":"type-product","3":"status-publish","4":"has-post-thumbnail","6":"product_cat-libros","7":"product_cat-literatura-y-novelas","9":"first","10":"instock","11":"shipping-taxable","12":"purchasable","13":"product-type-simple"},"acf":[],"_links":{"self":[{"href":"https:\/\/tulibreando.com\/index.php\/wp-json\/wp\/v2\/product\/3189"}],"collection":[{"href":"https:\/\/tulibreando.com\/index.php\/wp-json\/wp\/v2\/product"}],"about":[{"href":"https:\/\/tulibreando.com\/index.php\/wp-json\/wp\/v2\/types\/product"}],"replies":[{"embeddable":true,"href":"https:\/\/tulibreando.com\/index.php\/wp-json\/wp\/v2\/comments?post=3189"}],"wp:featuredmedia":[{"embeddable":true,"href":"https:\/\/tulibreando.com\/index.php\/wp-json\/wp\/v2\/media\/3190"}],"wp:attachment":[{"href":"https:\/\/tulibreando.com\/index.php\/wp-json\/wp\/v2\/media?parent=3189"}],"wp:term":[{"taxonomy":"product_cat","embeddable":true,"href":"https:\/\/tulibreando.com\/index.php\/wp-json\/wp\/v2\/product_cat?post=3189"},{"taxonomy":"product_tag","embeddable":true,"href":"https:\/\/tulibreando.com\/index.php\/wp-json\/wp\/v2\/product_tag?post=3189"}],"curies":[{"name":"wp","href":"https:\/\/api.w.org\/{rel}","templated":true}]}}