{"id":3117,"date":"2024-06-23T16:15:14","date_gmt":"2024-06-23T20:15:14","guid":{"rendered":"https:\/\/tulibreando.com\/?post_type=product&#038;p=3117"},"modified":"2024-11-14T08:21:17","modified_gmt":"2024-11-14T12:21:17","slug":"mientras-te-olvido-aprendiendo-a-vivir-sin-ti","status":"publish","type":"product","link":"https:\/\/tulibreando.com\/index.php\/product\/mientras-te-olvido-aprendiendo-a-vivir-sin-ti\/","title":{"rendered":"Mientras te olvido: aprendiendo a vivir sin ti"},"content":{"rendered":"<p>Mientras te olvido&#8221; es un libro lleno de procesos internos que cuenta la historia de una chica, que cuando cumpl\u00eda ocho a\u00f1os con su pareja, se encontr\u00f3 con su abandono -sin despedida y sin ninguna explicaci\u00f3n-. Una cama vac\u00eda y un aniversario incompleto porque \u00e9l no volvi\u00f3. A trav\u00e9s de este libro totalmente color, con un dise\u00f1o de primera y muchas emociones&#8230; te encontrar\u00e1s con un manual de superaci\u00f3n personal lleno de retos, risas, y nuevos comienzos que se har\u00e1n parte de tu d\u00eda a d\u00eda a trav\u00e9s de actividades que incluyen al lector en una historia \u00fanica que lo convierte en protagonista. Si est\u00e1s buscando superar una despedida o no sabes c\u00f3mo comenzar de nuevo, \u00e9ste es el libro ideal para ti. Aprendiendo a vivir sin ti: En mi proceso de olvido se abrieron puertas en mi interior y surgi\u00f3 este libro, en el que d\u00eda tras d\u00eda me enfrento con la otra parte de m\u00ed que tiene tu sombra pegada en los talones. Estuve pisoteando mi independencia por inseguridades que me ataron a una imagen falsa de ti. Quiero que leas cada l\u00ednea para que cuando intentes buscarme, recuerdes que no contestar\u00e9. Disc\u00falpame, se me olvid\u00f3 agradecerte porque gracias a nuestra infructuosa historia, ayudaremos a los que no saben c\u00f3mo irse y se aferran a la persona equivocada llam\u00e1ndola &#8220;amor&#8221;.<\/p>\n","protected":false},"excerpt":{"rendered":"<p>Mientras te olvido&#8221; es un libro lleno de procesos internos que cuenta la historia de una chica, que cuando cumpl\u00eda ocho a\u00f1os con su pareja, se encontr\u00f3 con su abandono -sin despedida y sin ninguna explicaci\u00f3n-. Una cama vac\u00eda y un aniversario incompleto porque \u00e9l no volvi\u00f3. A trav\u00e9s de este libro totalmente color, con [&hellip;]<\/p>\n","protected":false},"featured_media":3118,"comment_status":"open","ping_status":"closed","template":"","meta":{"_acf_changed":false,"product_autor":""},"product_cat":[39,45],"product_tag":[],"class_list":{"0":"post-3117","1":"product","2":"type-product","3":"status-publish","4":"has-post-thumbnail","6":"product_cat-crecimiento-personal","7":"product_cat-literatura-y-novelas","9":"first","10":"instock","11":"virtual","12":"purchasable","13":"product-type-simple"},"acf":[],"_links":{"self":[{"href":"https:\/\/tulibreando.com\/index.php\/wp-json\/wp\/v2\/product\/3117"}],"collection":[{"href":"https:\/\/tulibreando.com\/index.php\/wp-json\/wp\/v2\/product"}],"about":[{"href":"https:\/\/tulibreando.com\/index.php\/wp-json\/wp\/v2\/types\/product"}],"replies":[{"embeddable":true,"href":"https:\/\/tulibreando.com\/index.php\/wp-json\/wp\/v2\/comments?post=3117"}],"wp:featuredmedia":[{"embeddable":true,"href":"https:\/\/tulibreando.com\/index.php\/wp-json\/wp\/v2\/media\/3118"}],"wp:attachment":[{"href":"https:\/\/tulibreando.com\/index.php\/wp-json\/wp\/v2\/media?parent=3117"}],"wp:term":[{"taxonomy":"product_cat","embeddable":true,"href":"https:\/\/tulibreando.com\/index.php\/wp-json\/wp\/v2\/product_cat?post=3117"},{"taxonomy":"product_tag","embeddable":true,"href":"https:\/\/tulibreando.com\/index.php\/wp-json\/wp\/v2\/product_tag?post=3117"}],"curies":[{"name":"wp","href":"https:\/\/api.w.org\/{rel}","templated":true}]}}