{"id":3113,"date":"2024-06-23T16:06:04","date_gmt":"2024-06-23T20:06:04","guid":{"rendered":"https:\/\/tulibreando.com\/?post_type=product&#038;p=3113"},"modified":"2024-11-14T08:27:54","modified_gmt":"2024-11-14T12:27:54","slug":"como-hcer-que-te-pasen-cosas-buenas","status":"publish","type":"product","link":"https:\/\/tulibreando.com\/index.php\/product\/como-hcer-que-te-pasen-cosas-buenas\/","title":{"rendered":"Como hacer que te pasen cosas buenas"},"content":{"rendered":"<p><span class=\"a-text-bold\">Disfruta el presente, supera el pasado y mira con ilusi\u00f3n el futuro<\/span><\/p>\n<p>\u00bfEres consciente de que tu manera de gestionar los conflictos te puede predisponer a sufrir ansiedad o depresi\u00f3n, las enfermedades m\u00e1s frecuentes del siglo XXI?<\/p>\n<p>Para la doctora\u00a0<span class=\"a-text-bold\">Marian Rojas Estap\u00e9<\/span>\u00a0la felicidad consiste en vivir instalado de forma sana en el presente, habiendo superado las heridas del pasado y mirando con ilusi\u00f3n al futuro. Muchos de los trastornos que padecemos provienen de la incapacidad para gestionar nuestro presente. La felicidad no es lo que nos pasa, sino c\u00f3mo interpretamos lo que nos pasa.<\/p>\n<p>En\u00a0<span class=\"a-text-italic\">C\u00f3mo hacer que te pasen cosas buenas<\/span>\u00a0entender\u00e1s la importancia de aprender a enfocar tu atenci\u00f3n y descubrir\u00e1s pautas para combatir los miedos, las angustias y c\u00f3mo canalizar las emociones negativas que te llegan a bloquear f\u00edsica y mentalmente.<\/p>\n","protected":false},"excerpt":{"rendered":"<p>Disfruta el presente, supera el pasado y mira con ilusi\u00f3n el futuro \u00bfEres consciente de que tu manera de gestionar los conflictos te puede predisponer a sufrir ansiedad o depresi\u00f3n, las enfermedades m\u00e1s frecuentes del siglo XXI? Para la doctora\u00a0Marian Rojas Estap\u00e9\u00a0la felicidad consiste en vivir instalado de forma sana en el presente, habiendo superado [&hellip;]<\/p>\n","protected":false},"featured_media":3114,"comment_status":"open","ping_status":"closed","template":"","meta":{"_acf_changed":false,"product_autor":""},"product_cat":[39,50,38],"product_tag":[],"class_list":{"0":"post-3113","1":"product","2":"type-product","3":"status-publish","4":"has-post-thumbnail","6":"product_cat-crecimiento-personal","7":"product_cat-destacados","8":"product_cat-salud","10":"first","11":"instock","12":"virtual","13":"purchasable","14":"product-type-simple"},"acf":[],"_links":{"self":[{"href":"https:\/\/tulibreando.com\/index.php\/wp-json\/wp\/v2\/product\/3113"}],"collection":[{"href":"https:\/\/tulibreando.com\/index.php\/wp-json\/wp\/v2\/product"}],"about":[{"href":"https:\/\/tulibreando.com\/index.php\/wp-json\/wp\/v2\/types\/product"}],"replies":[{"embeddable":true,"href":"https:\/\/tulibreando.com\/index.php\/wp-json\/wp\/v2\/comments?post=3113"}],"wp:featuredmedia":[{"embeddable":true,"href":"https:\/\/tulibreando.com\/index.php\/wp-json\/wp\/v2\/media\/3114"}],"wp:attachment":[{"href":"https:\/\/tulibreando.com\/index.php\/wp-json\/wp\/v2\/media?parent=3113"}],"wp:term":[{"taxonomy":"product_cat","embeddable":true,"href":"https:\/\/tulibreando.com\/index.php\/wp-json\/wp\/v2\/product_cat?post=3113"},{"taxonomy":"product_tag","embeddable":true,"href":"https:\/\/tulibreando.com\/index.php\/wp-json\/wp\/v2\/product_tag?post=3113"}],"curies":[{"name":"wp","href":"https:\/\/api.w.org\/{rel}","templated":true}]}}