{"id":3109,"date":"2024-06-20T13:26:19","date_gmt":"2024-06-20T17:26:19","guid":{"rendered":"https:\/\/tulibreando.com\/?post_type=product&#038;p=3109"},"modified":"2024-11-14T08:31:17","modified_gmt":"2024-11-14T12:31:17","slug":"tal-vez-manana","status":"publish","type":"product","link":"https:\/\/tulibreando.com\/index.php\/product\/tal-vez-manana\/","title":{"rendered":"Tal vez ma\u00f1ana"},"content":{"rendered":"<p>A los veintid\u00f3s a\u00f1os, Sydney lo tiene todo: el novio perfecto, un futuro brillante y un bonito apartamento que comparte con su mejor amiga. Pero todo cambia el d\u00eda en que Ridge, su misterioso y atractivo vecino m\u00fasico, le advierte que su novio la enga\u00f1a con su mejor amiga y Sydney debe decidir qu\u00e9 hacer con su vida. S\u00f3lo con lo puesto y sin recursos, Ridge la acoge en su casa y no deja de sorprenderla. Sydney vibra cuando \u00e9l toca sus hermosas melod\u00edas y, aunque el coraz\u00f3n de Ridge est\u00e1 ocupado, \u00e9l no puede ignorar que ha encontrado a su musa. Cuando finalmente se den cuenta de que se necesitan, entender\u00e1n que los sentimientos no pueden traicionar al coraz\u00f3n.<\/p>\n","protected":false},"excerpt":{"rendered":"<p>A los veintid\u00f3s a\u00f1os, Sydney lo tiene todo: el novio perfecto, un futuro brillante y un bonito apartamento que comparte con su mejor amiga. Pero todo cambia el d\u00eda en que Ridge, su misterioso y atractivo vecino m\u00fasico, le advierte que su novio la enga\u00f1a con su mejor amiga y Sydney debe decidir qu\u00e9 hacer [&hellip;]<\/p>\n","protected":false},"featured_media":3110,"comment_status":"open","ping_status":"closed","template":"","meta":{"_acf_changed":false,"product_autor":""},"product_cat":[45],"product_tag":[],"class_list":{"0":"post-3109","1":"product","2":"type-product","3":"status-publish","4":"has-post-thumbnail","6":"product_cat-literatura-y-novelas","8":"first","9":"instock","10":"shipping-taxable","11":"product-type-simple"},"acf":[],"_links":{"self":[{"href":"https:\/\/tulibreando.com\/index.php\/wp-json\/wp\/v2\/product\/3109"}],"collection":[{"href":"https:\/\/tulibreando.com\/index.php\/wp-json\/wp\/v2\/product"}],"about":[{"href":"https:\/\/tulibreando.com\/index.php\/wp-json\/wp\/v2\/types\/product"}],"replies":[{"embeddable":true,"href":"https:\/\/tulibreando.com\/index.php\/wp-json\/wp\/v2\/comments?post=3109"}],"wp:featuredmedia":[{"embeddable":true,"href":"https:\/\/tulibreando.com\/index.php\/wp-json\/wp\/v2\/media\/3110"}],"wp:attachment":[{"href":"https:\/\/tulibreando.com\/index.php\/wp-json\/wp\/v2\/media?parent=3109"}],"wp:term":[{"taxonomy":"product_cat","embeddable":true,"href":"https:\/\/tulibreando.com\/index.php\/wp-json\/wp\/v2\/product_cat?post=3109"},{"taxonomy":"product_tag","embeddable":true,"href":"https:\/\/tulibreando.com\/index.php\/wp-json\/wp\/v2\/product_tag?post=3109"}],"curies":[{"name":"wp","href":"https:\/\/api.w.org\/{rel}","templated":true}]}}