{"id":3107,"date":"2024-06-20T13:19:01","date_gmt":"2024-06-20T17:19:01","guid":{"rendered":"https:\/\/tulibreando.com\/?post_type=product&#038;p=3107"},"modified":"2024-11-14T08:33:13","modified_gmt":"2024-11-14T12:33:13","slug":"9-de-noviembre","status":"publish","type":"product","link":"https:\/\/tulibreando.com\/index.php\/product\/9-de-noviembre\/","title":{"rendered":"9 De Noviembre"},"content":{"rendered":"<p>Fallon y Ben se encuentran por casualidad cuando sus vidas est\u00e1n cambiando. Ella est\u00e1 a punto de instalarse en Nueva York con la esperanza de cumplir su sue\u00f1o y convertirse en actriz de teatro, y Ben quiere ser escritor. Se cruzan como dos estrellas fugaces pero la intensidad de lo que comparten les lleva a fijar una cita anual, el 9 de noviembre, para no olvidarse. Fallon se convierte entonces en la inspiraci\u00f3n de Ben, en su musa. En cada encuentro anual obtiene material para continuar escribiendo, y los dos se explican sus vidas. Hasta que en una de las citas Fallon empieza a dudar de lo que Ben le cuenta, \u00bfes posible que se haya inventado una vida de novela? \u00bfY por qu\u00e9 har\u00eda algo as\u00ed?<\/p>\n","protected":false},"excerpt":{"rendered":"<p>Fallon y Ben se encuentran por casualidad cuando sus vidas est\u00e1n cambiando. Ella est\u00e1 a punto de instalarse en Nueva York con la esperanza de cumplir su sue\u00f1o y convertirse en actriz de teatro, y Ben quiere ser escritor. Se cruzan como dos estrellas fugaces pero la intensidad de lo que comparten les lleva a [&hellip;]<\/p>\n","protected":false},"featured_media":3108,"comment_status":"open","ping_status":"closed","template":"","meta":{"_acf_changed":false,"product_autor":""},"product_cat":[45],"product_tag":[],"class_list":{"0":"post-3107","1":"product","2":"type-product","3":"status-publish","4":"has-post-thumbnail","6":"product_cat-literatura-y-novelas","8":"first","9":"instock","10":"virtual","11":"purchasable","12":"product-type-simple"},"acf":[],"_links":{"self":[{"href":"https:\/\/tulibreando.com\/index.php\/wp-json\/wp\/v2\/product\/3107"}],"collection":[{"href":"https:\/\/tulibreando.com\/index.php\/wp-json\/wp\/v2\/product"}],"about":[{"href":"https:\/\/tulibreando.com\/index.php\/wp-json\/wp\/v2\/types\/product"}],"replies":[{"embeddable":true,"href":"https:\/\/tulibreando.com\/index.php\/wp-json\/wp\/v2\/comments?post=3107"}],"wp:featuredmedia":[{"embeddable":true,"href":"https:\/\/tulibreando.com\/index.php\/wp-json\/wp\/v2\/media\/3108"}],"wp:attachment":[{"href":"https:\/\/tulibreando.com\/index.php\/wp-json\/wp\/v2\/media?parent=3107"}],"wp:term":[{"taxonomy":"product_cat","embeddable":true,"href":"https:\/\/tulibreando.com\/index.php\/wp-json\/wp\/v2\/product_cat?post=3107"},{"taxonomy":"product_tag","embeddable":true,"href":"https:\/\/tulibreando.com\/index.php\/wp-json\/wp\/v2\/product_tag?post=3107"}],"curies":[{"name":"wp","href":"https:\/\/api.w.org\/{rel}","templated":true}]}}