{"id":3098,"date":"2024-06-18T10:43:55","date_gmt":"2024-06-18T14:43:55","guid":{"rendered":"https:\/\/tulibreando.com\/?post_type=product&#038;p=3098"},"modified":"2024-06-18T10:43:55","modified_gmt":"2024-06-18T14:43:55","slug":"vendele-a-la-mente-no-a-la-gente-2","status":"publish","type":"product","link":"https:\/\/tulibreando.com\/index.php\/product\/vendele-a-la-mente-no-a-la-gente-2\/","title":{"rendered":"Vendele a la mente no a la gente"},"content":{"rendered":"<p>HOY VENDER ES DEMASIADO DIF\u00cdCIL. NO SABEMOS POR QU\u00c9 COMPRAMOS<\/p>\n<p>En un mundo competitivo, donde casi todos los servicios y productos se est\u00e1n volviendo un\u00a0<em>commodity<\/em>, llega la ciencia m\u00e1s revolucionaria del mercado. Aprende de forma pr\u00e1ctica y entretenida c\u00f3mo vender m\u00e1s hablando menos.\u00a0El 85% de todo lo que el consumidor adquiere lo hace de forma inconsciente. Los seres humanos no saben por qu\u00e9 compran lo que compran; con neuroventas descubriremos c\u00f3mo hacer que elijan tu producto o servicio sin hacer grandes esfuerzos.<\/p>\n<p>CIENTOS DE EMPRESAS<\/p>\n<p>L\u00edderes en veinte pa\u00edses venden con este conocimiento. El autor junto con su equipo cient\u00edfico, con sede en cinco pa\u00edses, ha transformado la cultura y los resultados de equipos comerciales y de ventas en cientos de empresas como Amway, IKEA, Kimberly Clark, Big Cola, Seguros Maphre, Telef\u00f3nica Movistar, Telmex, Claro, Sony, Samsung, Nestl\u00e9, Bayer, General Motors y otros grandes grupos del sector inmobiliario y publicitario.<\/p>\n","protected":false},"excerpt":{"rendered":"<p>HOY VENDER ES DEMASIADO DIF\u00cdCIL. NO SABEMOS POR QU\u00c9 COMPRAMOS En un mundo competitivo, donde casi todos los servicios y productos se est\u00e1n volviendo un\u00a0commodity, llega la ciencia m\u00e1s revolucionaria del mercado. Aprende de forma pr\u00e1ctica y entretenida c\u00f3mo vender m\u00e1s hablando menos.\u00a0El 85% de todo lo que el consumidor adquiere lo hace de forma [&hellip;]<\/p>\n","protected":false},"featured_media":3099,"comment_status":"open","ping_status":"closed","template":"","meta":{"_acf_changed":false,"product_autor":""},"product_cat":[36],"product_tag":[],"class_list":{"0":"post-3098","1":"product","2":"type-product","3":"status-publish","4":"has-post-thumbnail","6":"product_cat-libros","8":"first","9":"instock","10":"shipping-taxable","11":"product-type-simple"},"acf":[],"_links":{"self":[{"href":"https:\/\/tulibreando.com\/index.php\/wp-json\/wp\/v2\/product\/3098"}],"collection":[{"href":"https:\/\/tulibreando.com\/index.php\/wp-json\/wp\/v2\/product"}],"about":[{"href":"https:\/\/tulibreando.com\/index.php\/wp-json\/wp\/v2\/types\/product"}],"replies":[{"embeddable":true,"href":"https:\/\/tulibreando.com\/index.php\/wp-json\/wp\/v2\/comments?post=3098"}],"wp:featuredmedia":[{"embeddable":true,"href":"https:\/\/tulibreando.com\/index.php\/wp-json\/wp\/v2\/media\/3099"}],"wp:attachment":[{"href":"https:\/\/tulibreando.com\/index.php\/wp-json\/wp\/v2\/media?parent=3098"}],"wp:term":[{"taxonomy":"product_cat","embeddable":true,"href":"https:\/\/tulibreando.com\/index.php\/wp-json\/wp\/v2\/product_cat?post=3098"},{"taxonomy":"product_tag","embeddable":true,"href":"https:\/\/tulibreando.com\/index.php\/wp-json\/wp\/v2\/product_tag?post=3098"}],"curies":[{"name":"wp","href":"https:\/\/api.w.org\/{rel}","templated":true}]}}