{"id":3083,"date":"2024-06-14T20:40:15","date_gmt":"2024-06-15T00:40:15","guid":{"rendered":"https:\/\/tulibreando.com\/?post_type=product&#038;p=3083"},"modified":"2024-06-14T20:40:15","modified_gmt":"2024-06-15T00:40:15","slug":"te-deseo-todo-lo-mejor","status":"publish","type":"product","link":"https:\/\/tulibreando.com\/index.php\/product\/te-deseo-todo-lo-mejor\/","title":{"rendered":"Te deseo todo lo mejor"},"content":{"rendered":"<p>La vida de Ben De Backer ha cambiado dr\u00e1sticamente en cuesti\u00f3n de d\u00edas: tiene un nuevo hogar, una nueva escuela\u2026 y un trastorno de ansiedad provocado por confesarle a sus padres su verdadera identidad. Al salir del cl\u00f3set ante ellos, le echan de casa y elle tiene que mudarse con Hannah, su hermana mayor a quien no ha visto en a\u00f1os, y con su esposo Thomas, que es maestro de Qu\u00edmica en su nueva escuela.<\/p>\n<p>Ben solamente quiere pasar desapercibide y graduarse en paz, as\u00ed que decide mantener oculta su verdadera identidad frente a sus compa\u00f1eros\u2026 pero sus esfuerzos por ser invisible no duran mucho.<\/p>\n<p>Nathan Allen, un chico extrovertido y carism\u00e1tico, decide ayudarle a adaptarse a su nuevo entorno, y a pesar de que Ben no est\u00e1 muy seguro al principio, su amistad crece r\u00e1pidamente. Mientras pasan m\u00e1s tiempo juntes, sus sentimientos evolucionan y lo que comenz\u00f3 como una serie de eventos desafortunados, podr\u00eda convertirse en la oportunidad perfecta para empezar una nueva vida, sin m\u00e1scaras ni escondites.<\/p>\n<p>Tr\u00e1gica y divertida a la vez,\u00a0<em>Te deseo todo lo mejor<\/em>\u00a0es una historia que celebra la vida, la amistad y el amor. Es el ejemplo perfecto de que la esperanza triunfa ante la adversidad.<\/p>\n","protected":false},"excerpt":{"rendered":"<p>La vida de Ben De Backer ha cambiado dr\u00e1sticamente en cuesti\u00f3n de d\u00edas: tiene un nuevo hogar, una nueva escuela\u2026 y un trastorno de ansiedad provocado por confesarle a sus padres su verdadera identidad. Al salir del cl\u00f3set ante ellos, le echan de casa y elle tiene que mudarse con Hannah, su hermana mayor a [&hellip;]<\/p>\n","protected":false},"featured_media":3084,"comment_status":"open","ping_status":"closed","template":"","meta":{"_acf_changed":false,"product_autor":""},"product_cat":[45],"product_tag":[],"class_list":{"0":"post-3083","1":"product","2":"type-product","3":"status-publish","4":"has-post-thumbnail","6":"product_cat-literatura-y-novelas","8":"first","9":"instock","10":"virtual","11":"purchasable","12":"product-type-simple"},"acf":[],"_links":{"self":[{"href":"https:\/\/tulibreando.com\/index.php\/wp-json\/wp\/v2\/product\/3083"}],"collection":[{"href":"https:\/\/tulibreando.com\/index.php\/wp-json\/wp\/v2\/product"}],"about":[{"href":"https:\/\/tulibreando.com\/index.php\/wp-json\/wp\/v2\/types\/product"}],"replies":[{"embeddable":true,"href":"https:\/\/tulibreando.com\/index.php\/wp-json\/wp\/v2\/comments?post=3083"}],"wp:featuredmedia":[{"embeddable":true,"href":"https:\/\/tulibreando.com\/index.php\/wp-json\/wp\/v2\/media\/3084"}],"wp:attachment":[{"href":"https:\/\/tulibreando.com\/index.php\/wp-json\/wp\/v2\/media?parent=3083"}],"wp:term":[{"taxonomy":"product_cat","embeddable":true,"href":"https:\/\/tulibreando.com\/index.php\/wp-json\/wp\/v2\/product_cat?post=3083"},{"taxonomy":"product_tag","embeddable":true,"href":"https:\/\/tulibreando.com\/index.php\/wp-json\/wp\/v2\/product_tag?post=3083"}],"curies":[{"name":"wp","href":"https:\/\/api.w.org\/{rel}","templated":true}]}}