{"id":3068,"date":"2024-06-14T20:17:38","date_gmt":"2024-06-15T00:17:38","guid":{"rendered":"https:\/\/tulibreando.com\/?post_type=product&#038;p=3068"},"modified":"2024-06-14T20:17:38","modified_gmt":"2024-06-15T00:17:38","slug":"los-compas-y-el-despertar-de-la-momia","status":"publish","type":"product","link":"https:\/\/tulibreando.com\/index.php\/product\/los-compas-y-el-despertar-de-la-momia\/","title":{"rendered":"Los compas y el despertar de la momia"},"content":{"rendered":"<p><strong>\u00bfLograr\u00e1n Los Compas vencer al fara\u00f3n Krueltophis y volver de Egipto sanos y salvos?<\/strong><\/p>\n<p>En su nuevo viaje, los Compas aterrizan ni m\u00e1s ni menos que en la\u00a0<strong>tierra de los faraones<\/strong>. Esfinges, pir\u00e1mides, sarc\u00f3fagos\u2026 \u00a1y que no falte un viaje en camello!<\/p>\n<p>Pero todo se complica cuando\u00a0<strong>la misteriosa orden de los Illuminati\u00a0<\/strong>quiere involucrarlos en un macabro ritual que pondr\u00e1 al mundo entero en peligro.<\/p>\n<p>\u00bfEstar\u00e1n preparados Los Compas para luchar contra ellos? \u00a1Y a\u00fan hay m\u00e1s! Acertijos imposibles, pasadizos secretos<strong>,<\/strong>\u00a0jerogl\u00edficos indescifrables\u2026\u00a0<strong>Mike<\/strong>,\u00a0<strong>Trolli<\/strong>\u00a0y\u00a0<strong>Timba<\/strong>\u00a0tendr\u00e1n que enfrentarse a todos estos retos si quieren evitar que la momia m\u00e1s poderosa de todos los tiempos regrese a la vida.<\/p>\n<p>Solo Los Compas pueden convertir esta peligrosa aventura en el acontecimiento m\u00e1s alocado y divertido de todos los tiempos.<\/p>\n","protected":false},"excerpt":{"rendered":"<p>\u00bfLograr\u00e1n Los Compas vencer al fara\u00f3n Krueltophis y volver de Egipto sanos y salvos? En su nuevo viaje, los Compas aterrizan ni m\u00e1s ni menos que en la\u00a0tierra de los faraones. Esfinges, pir\u00e1mides, sarc\u00f3fagos\u2026 \u00a1y que no falte un viaje en camello! Pero todo se complica cuando\u00a0la misteriosa orden de los Illuminati\u00a0quiere involucrarlos en un [&hellip;]<\/p>\n","protected":false},"featured_media":3069,"comment_status":"open","ping_status":"closed","template":"","meta":{"_acf_changed":false,"product_autor":""},"product_cat":[46],"product_tag":[],"class_list":{"0":"post-3068","1":"product","2":"type-product","3":"status-publish","4":"has-post-thumbnail","6":"product_cat-para-peques-y-no-tan-peques","8":"first","9":"instock","10":"virtual","11":"purchasable","12":"product-type-simple"},"acf":[],"_links":{"self":[{"href":"https:\/\/tulibreando.com\/index.php\/wp-json\/wp\/v2\/product\/3068"}],"collection":[{"href":"https:\/\/tulibreando.com\/index.php\/wp-json\/wp\/v2\/product"}],"about":[{"href":"https:\/\/tulibreando.com\/index.php\/wp-json\/wp\/v2\/types\/product"}],"replies":[{"embeddable":true,"href":"https:\/\/tulibreando.com\/index.php\/wp-json\/wp\/v2\/comments?post=3068"}],"wp:featuredmedia":[{"embeddable":true,"href":"https:\/\/tulibreando.com\/index.php\/wp-json\/wp\/v2\/media\/3069"}],"wp:attachment":[{"href":"https:\/\/tulibreando.com\/index.php\/wp-json\/wp\/v2\/media?parent=3068"}],"wp:term":[{"taxonomy":"product_cat","embeddable":true,"href":"https:\/\/tulibreando.com\/index.php\/wp-json\/wp\/v2\/product_cat?post=3068"},{"taxonomy":"product_tag","embeddable":true,"href":"https:\/\/tulibreando.com\/index.php\/wp-json\/wp\/v2\/product_tag?post=3068"}],"curies":[{"name":"wp","href":"https:\/\/api.w.org\/{rel}","templated":true}]}}