{"id":3055,"date":"2024-06-13T12:05:34","date_gmt":"2024-06-13T16:05:34","guid":{"rendered":"https:\/\/tulibreando.com\/?post_type=product&#038;p=3055"},"modified":"2024-11-14T09:28:15","modified_gmt":"2024-11-14T13:28:15","slug":"los-compas-y-la-entidad-exe","status":"publish","type":"product","link":"https:\/\/tulibreando.com\/index.php\/product\/los-compas-y-la-entidad-exe\/","title":{"rendered":"Los compas y la entidad EXE"},"content":{"rendered":"<p>Cuando Los Compas regresan del espacio, empiezan a suceder cosas muy extra\u00f1as en Ciudad Cubo. Un enorme cr\u00e1ter ha aparecido en el lugar donde aterrizaron y por toda la ciudad hay un rastro de una misteriosa masa negra y viscosa. \u00bfEstar\u00e1 todo relacionado?<\/p>\n<p>Esta vez Mike, Trolli y Timba no lo tendr\u00e1n nada f\u00e1cil. Est\u00e1n a punto de enfrentarse a su peor pesadilla.<\/p>\n<p><strong>El fin del mundo se acerca y un solo error puede tener consecuencias fatales<\/strong><\/p>\n","protected":false},"excerpt":{"rendered":"<p>Cuando Los Compas regresan del espacio, empiezan a suceder cosas muy extra\u00f1as en Ciudad Cubo. Un enorme cr\u00e1ter ha aparecido en el lugar donde aterrizaron y por toda la ciudad hay un rastro de una misteriosa masa negra y viscosa. \u00bfEstar\u00e1 todo relacionado? Esta vez Mike, Trolli y Timba no lo tendr\u00e1n nada f\u00e1cil. Est\u00e1n [&hellip;]<\/p>\n","protected":false},"featured_media":3056,"comment_status":"open","ping_status":"closed","template":"","meta":{"_acf_changed":false,"product_autor":""},"product_cat":[46],"product_tag":[],"class_list":{"0":"post-3055","1":"product","2":"type-product","3":"status-publish","4":"has-post-thumbnail","6":"product_cat-para-peques-y-no-tan-peques","8":"first","9":"instock","10":"virtual","11":"purchasable","12":"product-type-simple"},"acf":[],"_links":{"self":[{"href":"https:\/\/tulibreando.com\/index.php\/wp-json\/wp\/v2\/product\/3055"}],"collection":[{"href":"https:\/\/tulibreando.com\/index.php\/wp-json\/wp\/v2\/product"}],"about":[{"href":"https:\/\/tulibreando.com\/index.php\/wp-json\/wp\/v2\/types\/product"}],"replies":[{"embeddable":true,"href":"https:\/\/tulibreando.com\/index.php\/wp-json\/wp\/v2\/comments?post=3055"}],"wp:featuredmedia":[{"embeddable":true,"href":"https:\/\/tulibreando.com\/index.php\/wp-json\/wp\/v2\/media\/3056"}],"wp:attachment":[{"href":"https:\/\/tulibreando.com\/index.php\/wp-json\/wp\/v2\/media?parent=3055"}],"wp:term":[{"taxonomy":"product_cat","embeddable":true,"href":"https:\/\/tulibreando.com\/index.php\/wp-json\/wp\/v2\/product_cat?post=3055"},{"taxonomy":"product_tag","embeddable":true,"href":"https:\/\/tulibreando.com\/index.php\/wp-json\/wp\/v2\/product_tag?post=3055"}],"curies":[{"name":"wp","href":"https:\/\/api.w.org\/{rel}","templated":true}]}}