{"id":3049,"date":"2024-06-13T12:01:25","date_gmt":"2024-06-13T16:01:25","guid":{"rendered":"https:\/\/tulibreando.com\/?post_type=product&#038;p=3049"},"modified":"2024-06-13T12:01:43","modified_gmt":"2024-06-13T16:01:43","slug":"los-compas-vs-hackers","status":"publish","type":"product","link":"https:\/\/tulibreando.com\/index.php\/product\/los-compas-vs-hackers\/","title":{"rendered":"Los compas vs hackers"},"content":{"rendered":"<p>Los Compas disfrutan de un vuelo tranquilo a Tropicubo, cuando de repente una tormenta les obliga a hacer un aterrizaje forzoso.<\/p>\n<p>\u00a1Se han salvado de milagro! Pero algo raro sucede\u2026 Est\u00e1n en la misteriosa base secreta de unos malvados hackers\u2026 El \u00c1rea Puerro 51.<\/p>\n<p>Si quieren salvar a sus amigos, los Compas tendr\u00e1n que desenmascararlos y averiguar cu\u00e1l es su terror\u00edfico plan antes de que sea demasiado tarde.<\/p>\n","protected":false},"excerpt":{"rendered":"<p>Los Compas disfrutan de un vuelo tranquilo a Tropicubo, cuando de repente una tormenta les obliga a hacer un aterrizaje forzoso. \u00a1Se han salvado de milagro! Pero algo raro sucede\u2026 Est\u00e1n en la misteriosa base secreta de unos malvados hackers\u2026 El \u00c1rea Puerro 51. Si quieren salvar a sus amigos, los Compas tendr\u00e1n que desenmascararlos [&hellip;]<\/p>\n","protected":false},"featured_media":3050,"comment_status":"open","ping_status":"closed","template":"","meta":{"_acf_changed":false,"product_autor":""},"product_cat":[46],"product_tag":[],"class_list":{"0":"post-3049","1":"product","2":"type-product","3":"status-publish","4":"has-post-thumbnail","6":"product_cat-para-peques-y-no-tan-peques","8":"first","9":"instock","10":"virtual","11":"purchasable","12":"product-type-simple"},"acf":[],"_links":{"self":[{"href":"https:\/\/tulibreando.com\/index.php\/wp-json\/wp\/v2\/product\/3049"}],"collection":[{"href":"https:\/\/tulibreando.com\/index.php\/wp-json\/wp\/v2\/product"}],"about":[{"href":"https:\/\/tulibreando.com\/index.php\/wp-json\/wp\/v2\/types\/product"}],"replies":[{"embeddable":true,"href":"https:\/\/tulibreando.com\/index.php\/wp-json\/wp\/v2\/comments?post=3049"}],"wp:featuredmedia":[{"embeddable":true,"href":"https:\/\/tulibreando.com\/index.php\/wp-json\/wp\/v2\/media\/3050"}],"wp:attachment":[{"href":"https:\/\/tulibreando.com\/index.php\/wp-json\/wp\/v2\/media?parent=3049"}],"wp:term":[{"taxonomy":"product_cat","embeddable":true,"href":"https:\/\/tulibreando.com\/index.php\/wp-json\/wp\/v2\/product_cat?post=3049"},{"taxonomy":"product_tag","embeddable":true,"href":"https:\/\/tulibreando.com\/index.php\/wp-json\/wp\/v2\/product_tag?post=3049"}],"curies":[{"name":"wp","href":"https:\/\/api.w.org\/{rel}","templated":true}]}}