{"id":3041,"date":"2024-06-13T11:32:52","date_gmt":"2024-06-13T15:32:52","guid":{"rendered":"https:\/\/tulibreando.com\/?post_type=product&#038;p=3041"},"modified":"2024-06-13T11:32:59","modified_gmt":"2024-06-13T15:32:59","slug":"inmunofitness","status":"publish","type":"product","link":"https:\/\/tulibreando.com\/index.php\/product\/inmunofitness\/","title":{"rendered":"Inmunofitness"},"content":{"rendered":"<div id=\"ficha-libro-inmunofitness-2\" class=\"Wrapper_regularWrapper__UDYtZ FichaLibro_fichaLibro__LXZEC\">\n<div class=\"FichaLibro_fichaLibro__descripcion__pVURW\">\n<div class=\"FichaLibro_sinopsis__3Kvms\">\n<div class=\"FichaLibro_sinopsis__text__uYC4b\">\n<div class=\"LeerMas_leerMas__e8CY1 FichaLibro_sinopsis__text__inner__wKDnj\">\n<div class=\"LeerMas_leerMas__innerWrapper__CBK_q\">\n<div class=\"mantine-Text-root mantine-105w72r\">\n<p>Nuestro cuerpo alberga alrededor de cuarenta billones de c\u00e9lulas, un sistema biol\u00f3gico perfectamente organizado para asegurar la continuidad de la especie mediante una compleja disposici\u00f3n de defensas, contraataques y estrategias biol\u00f3gicas. S\u00ed, se trata del sistema inmunitario.<\/p>\n<p>Adem\u00e1s de protegernos de bacterias, hongos, par\u00e1sitos y virus, este sistema se enfrenta a su propio envejecimiento conocido con el t\u00e9rmino \u201cinmunosenescencia\u201d. La buena noticia es que puedes fortalecer tu sistema inmunitario: Juan Ram\u00f3n Lucas te presenta el Inmunofitness, un estilo de vida que marca un antes y un despu\u00e9s en el cuidado del sistema inmune y mejora de la calidad de vida. Sus pilares son la vacunaci\u00f3n, la alimentaci\u00f3n saludable, el ejercicio y una mente sana, es decir, un sue\u00f1o reparador, contacto con entornos verdes y exposici\u00f3n al sol en condiciones saludables.<\/p>\n<p>Escrito con sencillez, simpat\u00eda y buen humor, este libro te ense\u00f1a a mejorar tu bienestar y a prepararte para lo que pueda venir, incluyendo el inevitable declive de tu organismo. S\u00f3lo debes aplicar ciertas pautas y h\u00e1bitos, respaldados por la ciencia y la experiencia personal del autor. \u00a1No esperes m\u00e1s y empieza a entrenar tu salud<\/p>\n<\/div>\n<\/div>\n<\/div>\n<\/div>\n<\/div>\n<\/div>\n<\/div>\n","protected":false},"excerpt":{"rendered":"<p>Nuestro cuerpo alberga alrededor de cuarenta billones de c\u00e9lulas, un sistema biol\u00f3gico perfectamente organizado para asegurar la continuidad de la especie mediante una compleja disposici\u00f3n de defensas, contraataques y estrategias biol\u00f3gicas. S\u00ed, se trata del sistema inmunitario. Adem\u00e1s de protegernos de bacterias, hongos, par\u00e1sitos y virus, este sistema se enfrenta a su propio envejecimiento conocido [&hellip;]<\/p>\n","protected":false},"featured_media":3042,"comment_status":"open","ping_status":"closed","template":"","meta":{"_acf_changed":false,"product_autor":""},"product_cat":[38],"product_tag":[],"class_list":{"0":"post-3041","1":"product","2":"type-product","3":"status-publish","4":"has-post-thumbnail","6":"product_cat-salud","8":"first","9":"instock","10":"virtual","11":"purchasable","12":"product-type-simple"},"acf":[],"_links":{"self":[{"href":"https:\/\/tulibreando.com\/index.php\/wp-json\/wp\/v2\/product\/3041"}],"collection":[{"href":"https:\/\/tulibreando.com\/index.php\/wp-json\/wp\/v2\/product"}],"about":[{"href":"https:\/\/tulibreando.com\/index.php\/wp-json\/wp\/v2\/types\/product"}],"replies":[{"embeddable":true,"href":"https:\/\/tulibreando.com\/index.php\/wp-json\/wp\/v2\/comments?post=3041"}],"wp:featuredmedia":[{"embeddable":true,"href":"https:\/\/tulibreando.com\/index.php\/wp-json\/wp\/v2\/media\/3042"}],"wp:attachment":[{"href":"https:\/\/tulibreando.com\/index.php\/wp-json\/wp\/v2\/media?parent=3041"}],"wp:term":[{"taxonomy":"product_cat","embeddable":true,"href":"https:\/\/tulibreando.com\/index.php\/wp-json\/wp\/v2\/product_cat?post=3041"},{"taxonomy":"product_tag","embeddable":true,"href":"https:\/\/tulibreando.com\/index.php\/wp-json\/wp\/v2\/product_tag?post=3041"}],"curies":[{"name":"wp","href":"https:\/\/api.w.org\/{rel}","templated":true}]}}