{"id":3028,"date":"2024-06-12T13:33:04","date_gmt":"2024-06-12T17:33:04","guid":{"rendered":"https:\/\/tulibreando.com\/?post_type=product&#038;p=3028"},"modified":"2024-06-12T13:33:10","modified_gmt":"2024-06-12T17:33:10","slug":"arlette","status":"publish","type":"product","link":"https:\/\/tulibreando.com\/index.php\/product\/arlette\/","title":{"rendered":"Arlette"},"content":{"rendered":"<p>El destino Arlette Cavalli, la hija de una princesa de la Bratva y un\u00a0<em>cassetto<\/em>\u00a0de la Cosa Nostra, estuvo decidido desde antes de nacer: casarse con Vicenzo Abrosetti, la persona que m\u00e1s odia, y continuar el linaje de su familia. Sin embargo, por m\u00e1s que intente encajar en el papel de la hija obediente, Arlette se reh\u00fasa a ser una simple espectadora. Algo en su interior le susurra que podr\u00eda llevar las riendas del negocio mejor que cualquiera de los hombres que dominan el submundo de Chicago. Pero tambi\u00e9n sabe que solo con ayuda de Vicenzo, quien tambi\u00e9n la desprecia, lograr\u00e1 abrir su propio camino.<\/p>\n<p>Advertencia: esta no es una historia de amor com\u00fan y corriente. Es un\u00a0<em>enemies to enemies<\/em>\u00a0repleto de tensi\u00f3n y misterio protagonizado por dos demonios que habitan el infierno que ellos mismos crearon. En este primer libro de\u00a0<em>Mafia Cavalli,<\/em>\u00a0la autora nos arrastra con su estilo hipn\u00f3tico a un mundo lleno de traiciones y manipulaciones, donde la violencia es protagonista y las relaciones se construyen en medio del caos.<\/p>\n","protected":false},"excerpt":{"rendered":"<p>El destino Arlette Cavalli, la hija de una princesa de la Bratva y un\u00a0cassetto\u00a0de la Cosa Nostra, estuvo decidido desde antes de nacer: casarse con Vicenzo Abrosetti, la persona que m\u00e1s odia, y continuar el linaje de su familia. Sin embargo, por m\u00e1s que intente encajar en el papel de la hija obediente, Arlette se [&hellip;]<\/p>\n","protected":false},"featured_media":3029,"comment_status":"open","ping_status":"closed","template":"","meta":{"_acf_changed":false,"product_autor":""},"product_cat":[45],"product_tag":[],"class_list":{"0":"post-3028","1":"product","2":"type-product","3":"status-publish","4":"has-post-thumbnail","6":"product_cat-literatura-y-novelas","8":"first","9":"instock","10":"virtual","11":"purchasable","12":"product-type-simple"},"acf":[],"_links":{"self":[{"href":"https:\/\/tulibreando.com\/index.php\/wp-json\/wp\/v2\/product\/3028"}],"collection":[{"href":"https:\/\/tulibreando.com\/index.php\/wp-json\/wp\/v2\/product"}],"about":[{"href":"https:\/\/tulibreando.com\/index.php\/wp-json\/wp\/v2\/types\/product"}],"replies":[{"embeddable":true,"href":"https:\/\/tulibreando.com\/index.php\/wp-json\/wp\/v2\/comments?post=3028"}],"wp:featuredmedia":[{"embeddable":true,"href":"https:\/\/tulibreando.com\/index.php\/wp-json\/wp\/v2\/media\/3029"}],"wp:attachment":[{"href":"https:\/\/tulibreando.com\/index.php\/wp-json\/wp\/v2\/media?parent=3028"}],"wp:term":[{"taxonomy":"product_cat","embeddable":true,"href":"https:\/\/tulibreando.com\/index.php\/wp-json\/wp\/v2\/product_cat?post=3028"},{"taxonomy":"product_tag","embeddable":true,"href":"https:\/\/tulibreando.com\/index.php\/wp-json\/wp\/v2\/product_tag?post=3028"}],"curies":[{"name":"wp","href":"https:\/\/api.w.org\/{rel}","templated":true}]}}