{"id":3012,"date":"2024-06-12T11:35:54","date_gmt":"2024-06-12T15:35:54","guid":{"rendered":"https:\/\/tulibreando.com\/?post_type=product&#038;p=3012"},"modified":"2024-06-12T11:35:56","modified_gmt":"2024-06-12T15:35:56","slug":"los-compas-y-la-aventura-en-miniatura","status":"publish","type":"product","link":"https:\/\/tulibreando.com\/index.php\/product\/los-compas-y-la-aventura-en-miniatura\/","title":{"rendered":"Los compas y la aventura en miniatura"},"content":{"rendered":"<p><strong>\u00a1\u00bfQu\u00e9 ha pasado con el tama\u00f1o de los Compas?! Parece que salir al jard\u00edn es m\u00e1s peligroso de lo que pensaban.<\/strong><\/p>\n<p>Los Compas quieren tener una merienda tranquila, pero todo cambia cuando les encargan custodiar un invento del profesor Rack. \u00a1Oh, no! \u00a1Uno de sus rayos los alcanza de lleno!<\/p>\n<p>\u00bfQu\u00e9 ha pasado? Todo les parece gigantesco\u2026 \u00bfo son ellos los que han encogido? Ahora a cada paso que dan se encuentran una amenaza, desde la aspiradora hasta el terror\u00edfico ej\u00e9rcito de hormigas que los persigue\u2026<\/p>\n<p>\u00bfLograr\u00e1n Mike, Timba y Trolli sobrevivir y hacer que todo vuelva a la normalidad?<\/p>\n","protected":false},"excerpt":{"rendered":"<p>\u00a1\u00bfQu\u00e9 ha pasado con el tama\u00f1o de los Compas?! Parece que salir al jard\u00edn es m\u00e1s peligroso de lo que pensaban. Los Compas quieren tener una merienda tranquila, pero todo cambia cuando les encargan custodiar un invento del profesor Rack. \u00a1Oh, no! \u00a1Uno de sus rayos los alcanza de lleno! \u00bfQu\u00e9 ha pasado? Todo les [&hellip;]<\/p>\n","protected":false},"featured_media":3014,"comment_status":"open","ping_status":"closed","template":"","meta":{"_acf_changed":false,"product_autor":""},"product_cat":[46],"product_tag":[],"class_list":{"0":"post-3012","1":"product","2":"type-product","3":"status-publish","4":"has-post-thumbnail","6":"product_cat-para-peques-y-no-tan-peques","8":"first","9":"instock","10":"virtual","11":"purchasable","12":"product-type-simple"},"acf":[],"_links":{"self":[{"href":"https:\/\/tulibreando.com\/index.php\/wp-json\/wp\/v2\/product\/3012"}],"collection":[{"href":"https:\/\/tulibreando.com\/index.php\/wp-json\/wp\/v2\/product"}],"about":[{"href":"https:\/\/tulibreando.com\/index.php\/wp-json\/wp\/v2\/types\/product"}],"replies":[{"embeddable":true,"href":"https:\/\/tulibreando.com\/index.php\/wp-json\/wp\/v2\/comments?post=3012"}],"wp:featuredmedia":[{"embeddable":true,"href":"https:\/\/tulibreando.com\/index.php\/wp-json\/wp\/v2\/media\/3014"}],"wp:attachment":[{"href":"https:\/\/tulibreando.com\/index.php\/wp-json\/wp\/v2\/media?parent=3012"}],"wp:term":[{"taxonomy":"product_cat","embeddable":true,"href":"https:\/\/tulibreando.com\/index.php\/wp-json\/wp\/v2\/product_cat?post=3012"},{"taxonomy":"product_tag","embeddable":true,"href":"https:\/\/tulibreando.com\/index.php\/wp-json\/wp\/v2\/product_tag?post=3012"}],"curies":[{"name":"wp","href":"https:\/\/api.w.org\/{rel}","templated":true}]}}