{"id":2993,"date":"2024-06-10T20:08:52","date_gmt":"2024-06-11T00:08:52","guid":{"rendered":"https:\/\/tulibreando.com\/?post_type=product&#038;p=2993"},"modified":"2024-06-10T20:08:52","modified_gmt":"2024-06-11T00:08:52","slug":"la-teoria-de-kim-2","status":"publish","type":"product","link":"https:\/\/tulibreando.com\/index.php\/product\/la-teoria-de-kim-2\/","title":{"rendered":"La teoria de kim 2"},"content":{"rendered":"<p>Despu\u00e9s de la noche de Halloween, todo el condado Mariposa se ha sumido en la oscuridad. Los culpables: Taylor Kim y su querido viajero del tiempo, Han Dakho.<\/p>\n<p>Ahora, enfrent\u00e1ndose a las consecuencias de sus experimentos, deber\u00e1n redoblar sus esfuerzos para enviar a Dakho a su a\u00f1o y evitar que el profesor Kim Anzu y los militares lo encuentren antes de que la cuenta regresiva termine.<\/p>\n<p>La batalla por restaurar el orden se convierte en una carrera contra el reloj y la realidad. Pero esta \u00faltima es vol\u00e1til y las l\u00edneas temporales, inestables. Recuerdos de tiempos pasados empiezan a hacer colapsar las mentes de Dakho, Taylor, Sean y April, llev\u00e1ndolos a perder la raz\u00f3n.<\/p>\n","protected":false},"excerpt":{"rendered":"<p>Despu\u00e9s de la noche de Halloween, todo el condado Mariposa se ha sumido en la oscuridad. Los culpables: Taylor Kim y su querido viajero del tiempo, Han Dakho. Ahora, enfrent\u00e1ndose a las consecuencias de sus experimentos, deber\u00e1n redoblar sus esfuerzos para enviar a Dakho a su a\u00f1o y evitar que el profesor Kim Anzu y [&hellip;]<\/p>\n","protected":false},"featured_media":2995,"comment_status":"open","ping_status":"closed","template":"","meta":{"_acf_changed":false,"product_autor":""},"product_cat":[45],"product_tag":[],"class_list":{"0":"post-2993","1":"product","2":"type-product","3":"status-publish","4":"has-post-thumbnail","6":"product_cat-literatura-y-novelas","8":"first","9":"instock","10":"virtual","11":"purchasable","12":"product-type-simple"},"acf":[],"_links":{"self":[{"href":"https:\/\/tulibreando.com\/index.php\/wp-json\/wp\/v2\/product\/2993"}],"collection":[{"href":"https:\/\/tulibreando.com\/index.php\/wp-json\/wp\/v2\/product"}],"about":[{"href":"https:\/\/tulibreando.com\/index.php\/wp-json\/wp\/v2\/types\/product"}],"replies":[{"embeddable":true,"href":"https:\/\/tulibreando.com\/index.php\/wp-json\/wp\/v2\/comments?post=2993"}],"wp:featuredmedia":[{"embeddable":true,"href":"https:\/\/tulibreando.com\/index.php\/wp-json\/wp\/v2\/media\/2995"}],"wp:attachment":[{"href":"https:\/\/tulibreando.com\/index.php\/wp-json\/wp\/v2\/media?parent=2993"}],"wp:term":[{"taxonomy":"product_cat","embeddable":true,"href":"https:\/\/tulibreando.com\/index.php\/wp-json\/wp\/v2\/product_cat?post=2993"},{"taxonomy":"product_tag","embeddable":true,"href":"https:\/\/tulibreando.com\/index.php\/wp-json\/wp\/v2\/product_tag?post=2993"}],"curies":[{"name":"wp","href":"https:\/\/api.w.org\/{rel}","templated":true}]}}