{"id":2991,"date":"2024-06-10T20:01:44","date_gmt":"2024-06-11T00:01:44","guid":{"rendered":"https:\/\/tulibreando.com\/?post_type=product&#038;p=2991"},"modified":"2024-06-10T20:01:44","modified_gmt":"2024-06-11T00:01:44","slug":"las-cadenas-del-rey","status":"publish","type":"product","link":"https:\/\/tulibreando.com\/index.php\/product\/las-cadenas-del-rey\/","title":{"rendered":"Las cadenas del rey"},"content":{"rendered":"<p>En este libro seguimos la historia de Emily Malhore que termin\u00f3 en punta en el volumen anterior. Si antes la protagonista era una chica ingenua que estaba descubriendo las guerras de poder entre los miembros de la monarqu\u00eda, as\u00ed como las injusticias del mundo y los l\u00edmites a los que pueden llegar sus personas de confianza, ahora conoceremos a una Emily muy diferente.<\/p>\n<p>El libro comienza donde termina el anterior: Emily cautiva en el palacio de Stefan Denavritz, su antiguo novio y nuevo monarca de Mishnock, y con un plan para recuperar su libertad. Sin embargo, el destino tiene otros planes para ella, y la convierte en una pieza importante para los acuerdos de paz entre naciones y el motivo que usar\u00e1 Magnus Lacrontte, su antiguo enemigo, para manipular al rey de Mishnock. Lo que no saben ni Emily ni Magnus es que el juego en el que se encuentran involucrados, cada cual por razones diferentes, los llevar\u00e1 a adentrarse en un descubrimiento sexual muy poderoso con resultados sorprendentes para ambos.<\/p>\n","protected":false},"excerpt":{"rendered":"<p>En este libro seguimos la historia de Emily Malhore que termin\u00f3 en punta en el volumen anterior. Si antes la protagonista era una chica ingenua que estaba descubriendo las guerras de poder entre los miembros de la monarqu\u00eda, as\u00ed como las injusticias del mundo y los l\u00edmites a los que pueden llegar sus personas de [&hellip;]<\/p>\n","protected":false},"featured_media":2992,"comment_status":"open","ping_status":"closed","template":"","meta":{"_acf_changed":false,"product_autor":""},"product_cat":[45],"product_tag":[],"class_list":{"0":"post-2991","1":"product","2":"type-product","3":"status-publish","4":"has-post-thumbnail","6":"product_cat-literatura-y-novelas","8":"first","9":"instock","10":"virtual","11":"purchasable","12":"product-type-simple"},"acf":[],"_links":{"self":[{"href":"https:\/\/tulibreando.com\/index.php\/wp-json\/wp\/v2\/product\/2991"}],"collection":[{"href":"https:\/\/tulibreando.com\/index.php\/wp-json\/wp\/v2\/product"}],"about":[{"href":"https:\/\/tulibreando.com\/index.php\/wp-json\/wp\/v2\/types\/product"}],"replies":[{"embeddable":true,"href":"https:\/\/tulibreando.com\/index.php\/wp-json\/wp\/v2\/comments?post=2991"}],"wp:featuredmedia":[{"embeddable":true,"href":"https:\/\/tulibreando.com\/index.php\/wp-json\/wp\/v2\/media\/2992"}],"wp:attachment":[{"href":"https:\/\/tulibreando.com\/index.php\/wp-json\/wp\/v2\/media?parent=2991"}],"wp:term":[{"taxonomy":"product_cat","embeddable":true,"href":"https:\/\/tulibreando.com\/index.php\/wp-json\/wp\/v2\/product_cat?post=2991"},{"taxonomy":"product_tag","embeddable":true,"href":"https:\/\/tulibreando.com\/index.php\/wp-json\/wp\/v2\/product_tag?post=2991"}],"curies":[{"name":"wp","href":"https:\/\/api.w.org\/{rel}","templated":true}]}}