{"id":2985,"date":"2024-06-10T19:48:56","date_gmt":"2024-06-10T23:48:56","guid":{"rendered":"https:\/\/tulibreando.com\/?post_type=product&#038;p=2985"},"modified":"2024-11-12T10:20:59","modified_gmt":"2024-11-12T14:20:59","slug":"como-ser-un-estoico","status":"publish","type":"product","link":"https:\/\/tulibreando.com\/index.php\/product\/como-ser-un-estoico\/","title":{"rendered":"Como ser un estoico"},"content":{"rendered":"<p>No sabemos qu\u00e9 te ha llevado a sentir curiosidad por este libro. Tal vez est\u00e9s pasando por una etapa con un alto nivel de estr\u00e9s. Quiz\u00e1s sufres una gran saturaci\u00f3n de trabajo. O est\u00e1s empezando a com &#8211; prender las responsabilidades que conlleva tener un hijo. O pue &#8211; de que est\u00e9s viviendo una tormenta emocional como consecuencia de una nueva relaci\u00f3n fallida. Sea lo que sea, seguro que puedes encontrar las palabras justas dentro de la sabidur\u00eda estoica.<\/p>\n<p>El estoicismo es una filosof\u00eda pr\u00e1ctica cuyo mensaje esencial es: no podemos con &#8211; trolar lo que nos pasa, pero s\u00ed c\u00f3mo respondemos a ello. Cuando nos hacemos pre &#8211; guntas tan corrientes como \u00ab\u00bfQu\u00e9 puedo hacer para controlar mi rabia?\u00bb, \u00ab\u00bfQu\u00e9 debo hacer si alguien me insulta?\u00bb, \u00ab\u00bfQu\u00e9 puedo hacer para no sentir temor ante la muerte?\u00bb, o incluso \u00ab\u00bfC\u00f3mo deber\u00eda gestionar los \u00e9xitos que obtengo?\u00bb lo que en realidad nos estamos preguntando es de qu\u00e9 forma deber\u00edamos vivir nuestra vida para ser m\u00e1s felices. Y no parece una cuesti\u00f3n sencilla de responder\u2026 En\u00a0<em>C\u00f3mo ser un estoico<\/em>, el fil\u00f3sofo Massimo Pigliucci ofrece el estoicismo, la antigua filosof\u00eda que inspir\u00f3 al gran emperador Marco Aurelio, como el mejor camino para conseguirlo. Mediante una conversaci\u00f3n entre el mismo Pigliucci y Epicteto, el antiguo esclavo convertido en maestro, y un sinf\u00edn de consejos, ejercicios pr\u00e1cti &#8211; cos y propuestas de meditaci\u00f3n, este libro se convierte en la gu\u00eda esencial para vivir la vida seg\u00fan las pautas del estoicismo y encontrar las soluciones que esta filosof\u00eda pr\u00e1ctica puede aportar a nuestros problemas modernos<\/p>\n","protected":false},"excerpt":{"rendered":"<p>No sabemos qu\u00e9 te ha llevado a sentir curiosidad por este libro. Tal vez est\u00e9s pasando por una etapa con un alto nivel de estr\u00e9s. Quiz\u00e1s sufres una gran saturaci\u00f3n de trabajo. O est\u00e1s empezando a com &#8211; prender las responsabilidades que conlleva tener un hijo. O pue &#8211; de que est\u00e9s viviendo una tormenta [&hellip;]<\/p>\n","protected":false},"featured_media":2986,"comment_status":"open","ping_status":"closed","template":"","meta":{"_acf_changed":false,"product_autor":""},"product_cat":[50,47,40],"product_tag":[],"class_list":{"0":"post-2985","1":"product","2":"type-product","3":"status-publish","4":"has-post-thumbnail","6":"product_cat-destacados","7":"product_cat-historia-y-bibligrafias","8":"product_cat-tecnicos","10":"first","11":"instock","12":"virtual","13":"purchasable","14":"product-type-simple"},"acf":[],"_links":{"self":[{"href":"https:\/\/tulibreando.com\/index.php\/wp-json\/wp\/v2\/product\/2985"}],"collection":[{"href":"https:\/\/tulibreando.com\/index.php\/wp-json\/wp\/v2\/product"}],"about":[{"href":"https:\/\/tulibreando.com\/index.php\/wp-json\/wp\/v2\/types\/product"}],"replies":[{"embeddable":true,"href":"https:\/\/tulibreando.com\/index.php\/wp-json\/wp\/v2\/comments?post=2985"}],"wp:featuredmedia":[{"embeddable":true,"href":"https:\/\/tulibreando.com\/index.php\/wp-json\/wp\/v2\/media\/2986"}],"wp:attachment":[{"href":"https:\/\/tulibreando.com\/index.php\/wp-json\/wp\/v2\/media?parent=2985"}],"wp:term":[{"taxonomy":"product_cat","embeddable":true,"href":"https:\/\/tulibreando.com\/index.php\/wp-json\/wp\/v2\/product_cat?post=2985"},{"taxonomy":"product_tag","embeddable":true,"href":"https:\/\/tulibreando.com\/index.php\/wp-json\/wp\/v2\/product_tag?post=2985"}],"curies":[{"name":"wp","href":"https:\/\/api.w.org\/{rel}","templated":true}]}}