{"id":2949,"date":"2024-06-06T12:58:50","date_gmt":"2024-06-06T16:58:50","guid":{"rendered":"https:\/\/tulibreando.com\/?post_type=product&#038;p=2949"},"modified":"2025-08-13T09:02:19","modified_gmt":"2025-08-13T13:02:19","slug":"plus","status":"publish","type":"product","link":"https:\/\/tulibreando.com\/index.php\/product\/plus\/","title":{"rendered":"Plus"},"content":{"rendered":"<ul>\n<li>Podr\u00e1s alquilar 1 libro en f\u00edsico<\/li>\n<li>Puedes realizar 1 cambio mensual<\/li>\n<li>Delivery incluido para entrega b\u00fasqueda y recolecci\u00f3n<\/li>\n<\/ul>\n<p>(Podr\u00e1s leer hasta 2 libros al mes)<\/p>\n","protected":false},"excerpt":{"rendered":"<p>Podr\u00e1s alquilar 1 libro en f\u00edsico Puedes realizar 1 cambio mensual Delivery incluido para entrega b\u00fasqueda y recolecci\u00f3n (Podr\u00e1s leer hasta 2 libros al mes)<\/p>\n","protected":false},"featured_media":2950,"comment_status":"open","ping_status":"closed","template":"","meta":{"_acf_changed":false,"product_autor":""},"product_cat":[34],"product_tag":[],"class_list":{"0":"post-2949","1":"product","2":"type-product","3":"status-publish","4":"has-post-thumbnail","6":"product_cat-suscripciones","8":"first","9":"instock","10":"virtual","11":"purchasable","12":"product-type-simple"},"acf":[],"_links":{"self":[{"href":"https:\/\/tulibreando.com\/index.php\/wp-json\/wp\/v2\/product\/2949"}],"collection":[{"href":"https:\/\/tulibreando.com\/index.php\/wp-json\/wp\/v2\/product"}],"about":[{"href":"https:\/\/tulibreando.com\/index.php\/wp-json\/wp\/v2\/types\/product"}],"replies":[{"embeddable":true,"href":"https:\/\/tulibreando.com\/index.php\/wp-json\/wp\/v2\/comments?post=2949"}],"wp:featuredmedia":[{"embeddable":true,"href":"https:\/\/tulibreando.com\/index.php\/wp-json\/wp\/v2\/media\/2950"}],"wp:attachment":[{"href":"https:\/\/tulibreando.com\/index.php\/wp-json\/wp\/v2\/media?parent=2949"}],"wp:term":[{"taxonomy":"product_cat","embeddable":true,"href":"https:\/\/tulibreando.com\/index.php\/wp-json\/wp\/v2\/product_cat?post=2949"},{"taxonomy":"product_tag","embeddable":true,"href":"https:\/\/tulibreando.com\/index.php\/wp-json\/wp\/v2\/product_tag?post=2949"}],"curies":[{"name":"wp","href":"https:\/\/api.w.org\/{rel}","templated":true}]}}