{"id":2942,"date":"2024-06-06T09:57:24","date_gmt":"2024-06-06T13:57:24","guid":{"rendered":"https:\/\/tulibreando.com\/?post_type=product&#038;p=2942"},"modified":"2024-06-06T15:18:15","modified_gmt":"2024-06-06T19:18:15","slug":"poster-girl","status":"publish","type":"product","link":"https:\/\/tulibreando.com\/index.php\/product\/poster-girl\/","title":{"rendered":"Poster Girl"},"content":{"rendered":"<p>Sonya Kantor conoce muy bien el eslogan. Durante d\u00e9cadas, todo el mundo vivi\u00f3 seg\u00fan sus normas, adem\u00e1s de bajo la constante supervisi\u00f3n de la Clarividencia, un implante ocular que analizaba cada palabra y cada acci\u00f3n, premiando o castigando seg\u00fan un c\u00f3digo moral estricto desarrollado por La Delegaci\u00f3n. Sin embargo, se produjo un levantamiento y los miembros de la Delegaci\u00f3n y sus afines fueron encerrados en Abertura, una prisi\u00f3n en la que cumplen cadena perpetua. El resto, libres de la monitorizaci\u00f3n del implante, siguieron con sus vidas.<\/p>\n<p>Sonya, quien fuera cara visible de la propaganda de la Delegaci\u00f3n desde un p\u00f3ster que se hizo viral, ha estado encerrada durante diez a\u00f1os en Abertura. Ahora, un viejo conocido le ofrece un trato: si encuentra a una ni\u00f1a desaparecida, a la que la Delegaci\u00f3n separ\u00f3 de sus padres, conseguir\u00e1 la ansiada libertad. Sonya acepta sin saber que sus investigaciones la llevar\u00e1n a bucear en su pasado familiar y desenterrar oscuros secretos. \u00a0\u00bfHasta d\u00f3nde ser\u00e1 capaz de llegar para alcanzar su libertad?<\/p>\n","protected":false},"excerpt":{"rendered":"<p>Sonya Kantor conoce muy bien el eslogan. Durante d\u00e9cadas, todo el mundo vivi\u00f3 seg\u00fan sus normas, adem\u00e1s de bajo la constante supervisi\u00f3n de la Clarividencia, un implante ocular que analizaba cada palabra y cada acci\u00f3n, premiando o castigando seg\u00fan un c\u00f3digo moral estricto desarrollado por La Delegaci\u00f3n. Sin embargo, se produjo un levantamiento y los [&hellip;]<\/p>\n","protected":false},"featured_media":2943,"comment_status":"open","ping_status":"closed","template":"","meta":{"_acf_changed":false,"product_autor":""},"product_cat":[45],"product_tag":[],"class_list":{"0":"post-2942","1":"product","2":"type-product","3":"status-publish","4":"has-post-thumbnail","6":"product_cat-literatura-y-novelas","8":"first","9":"instock","10":"virtual","11":"purchasable","12":"product-type-simple"},"acf":[],"_links":{"self":[{"href":"https:\/\/tulibreando.com\/index.php\/wp-json\/wp\/v2\/product\/2942"}],"collection":[{"href":"https:\/\/tulibreando.com\/index.php\/wp-json\/wp\/v2\/product"}],"about":[{"href":"https:\/\/tulibreando.com\/index.php\/wp-json\/wp\/v2\/types\/product"}],"replies":[{"embeddable":true,"href":"https:\/\/tulibreando.com\/index.php\/wp-json\/wp\/v2\/comments?post=2942"}],"wp:featuredmedia":[{"embeddable":true,"href":"https:\/\/tulibreando.com\/index.php\/wp-json\/wp\/v2\/media\/2943"}],"wp:attachment":[{"href":"https:\/\/tulibreando.com\/index.php\/wp-json\/wp\/v2\/media?parent=2942"}],"wp:term":[{"taxonomy":"product_cat","embeddable":true,"href":"https:\/\/tulibreando.com\/index.php\/wp-json\/wp\/v2\/product_cat?post=2942"},{"taxonomy":"product_tag","embeddable":true,"href":"https:\/\/tulibreando.com\/index.php\/wp-json\/wp\/v2\/product_tag?post=2942"}],"curies":[{"name":"wp","href":"https:\/\/api.w.org\/{rel}","templated":true}]}}