{"id":2936,"date":"2024-06-05T10:50:15","date_gmt":"2024-06-05T14:50:15","guid":{"rendered":"https:\/\/tulibreando.com\/?post_type=product&#038;p=2936"},"modified":"2024-06-06T15:18:15","modified_gmt":"2024-06-06T19:18:15","slug":"punk-57","status":"publish","type":"product","link":"https:\/\/tulibreando.com\/index.php\/product\/punk-57\/","title":{"rendered":"Punk 57"},"content":{"rendered":"<p>Mi profesora crey\u00f3 que Ryen era un chico, la suya que Misha era nombre de chica y las dos, completamente equivocadas, nos juntaron para ser amigos por correspondencia. A nosotros no nos cost\u00f3 mucho darnos cuenta del error, pero antes ya hab\u00edamos discutido sobre cualquier tema posible: \u00bfla mejor pizza de la ciudad? \u00bfiPhone o Android? \u00bfEs Eminem el mejor rapero de todos los tiempos?<\/p>\n<p>Y ese fue el principio de todo. Esos fuimos nosotros los siguientes siete a\u00f1os.<\/p>\n<p>Ella siempre escrib\u00eda en papel negro con boli plateado. No lo hac\u00eda con regularidad: a veces me llegaba una a la semana. Otras, tres en un d\u00eda. Daba igual. Las necesitaba. Ella es la \u00fanica que me mantiene centrado, que me habla y que acepta todo aquello que soy. Solo tenemos tres reglas. Sin redes sociales, sin tel\u00e9fono, sin fotos. Ten\u00edamos algo bueno. \u00bfPor qu\u00e9 arruinarlo?<\/p>\n<p>Hasta que un d\u00eda, encuentro la foto de una chica llamada Ryen, que ama la pizza de Gallo\u2019s y adora su iPhone. \u00bfDemasiada casualidad? Joder. Necesito conocerla. Solo espero no acabar odi\u00e1ndola.<\/p>\n","protected":false},"excerpt":{"rendered":"<p>Mi profesora crey\u00f3 que Ryen era un chico, la suya que Misha era nombre de chica y las dos, completamente equivocadas, nos juntaron para ser amigos por correspondencia. A nosotros no nos cost\u00f3 mucho darnos cuenta del error, pero antes ya hab\u00edamos discutido sobre cualquier tema posible: \u00bfla mejor pizza de la ciudad? \u00bfiPhone o [&hellip;]<\/p>\n","protected":false},"featured_media":2937,"comment_status":"open","ping_status":"closed","template":"","meta":{"_acf_changed":false,"product_autor":""},"product_cat":[45],"product_tag":[],"class_list":{"0":"post-2936","1":"product","2":"type-product","3":"status-publish","4":"has-post-thumbnail","6":"product_cat-literatura-y-novelas","8":"first","9":"instock","10":"virtual","11":"purchasable","12":"product-type-simple"},"acf":[],"_links":{"self":[{"href":"https:\/\/tulibreando.com\/index.php\/wp-json\/wp\/v2\/product\/2936"}],"collection":[{"href":"https:\/\/tulibreando.com\/index.php\/wp-json\/wp\/v2\/product"}],"about":[{"href":"https:\/\/tulibreando.com\/index.php\/wp-json\/wp\/v2\/types\/product"}],"replies":[{"embeddable":true,"href":"https:\/\/tulibreando.com\/index.php\/wp-json\/wp\/v2\/comments?post=2936"}],"wp:featuredmedia":[{"embeddable":true,"href":"https:\/\/tulibreando.com\/index.php\/wp-json\/wp\/v2\/media\/2937"}],"wp:attachment":[{"href":"https:\/\/tulibreando.com\/index.php\/wp-json\/wp\/v2\/media?parent=2936"}],"wp:term":[{"taxonomy":"product_cat","embeddable":true,"href":"https:\/\/tulibreando.com\/index.php\/wp-json\/wp\/v2\/product_cat?post=2936"},{"taxonomy":"product_tag","embeddable":true,"href":"https:\/\/tulibreando.com\/index.php\/wp-json\/wp\/v2\/product_tag?post=2936"}],"curies":[{"name":"wp","href":"https:\/\/api.w.org\/{rel}","templated":true}]}}