{"id":2896,"date":"2024-06-04T19:53:18","date_gmt":"2024-06-04T23:53:18","guid":{"rendered":"https:\/\/tulibreando.com\/?post_type=product&#038;p=2896"},"modified":"2024-06-06T15:18:14","modified_gmt":"2024-06-06T19:18:14","slug":"recupera-tu-poder","status":"publish","type":"product","link":"https:\/\/tulibreando.com\/index.php\/product\/recupera-tu-poder\/","title":{"rendered":"Recupera tu poder"},"content":{"rendered":"<p>La Vida nos ha dado mucho poder, pero durante siglos nuestra mente ha sido condicionada con creencias muy limitantes que nos han llevado a olvidar nuestras verdaderas capacidades y a desconectarnos de nuestra sabidur\u00eda interior, intuici\u00f3n e instinto. Y esas creencias han ido condicionando nuestros cuerpos.<\/p>\n<p>En este libro encontrar\u00e1s palabras, herramientas y ejercicios muy poderosos para liberar tu cuerpo y tu mente de esas emociones y creencias que a veces te debilitan, te paralizan o te desbordan.<\/p>\n","protected":false},"excerpt":{"rendered":"<p>La Vida nos ha dado mucho poder, pero durante siglos nuestra mente ha sido condicionada con creencias muy limitantes que nos han llevado a olvidar nuestras verdaderas capacidades y a desconectarnos de nuestra sabidur\u00eda interior, intuici\u00f3n e instinto. Y esas creencias han ido condicionando nuestros cuerpos. En este libro encontrar\u00e1s palabras, herramientas y ejercicios muy [&hellip;]<\/p>\n","protected":false},"featured_media":2897,"comment_status":"open","ping_status":"closed","template":"","meta":{"_acf_changed":false,"product_autor":""},"product_cat":[39],"product_tag":[],"class_list":{"0":"post-2896","1":"product","2":"type-product","3":"status-publish","4":"has-post-thumbnail","6":"product_cat-crecimiento-personal","8":"first","9":"instock","10":"virtual","11":"purchasable","12":"product-type-simple"},"acf":[],"_links":{"self":[{"href":"https:\/\/tulibreando.com\/index.php\/wp-json\/wp\/v2\/product\/2896"}],"collection":[{"href":"https:\/\/tulibreando.com\/index.php\/wp-json\/wp\/v2\/product"}],"about":[{"href":"https:\/\/tulibreando.com\/index.php\/wp-json\/wp\/v2\/types\/product"}],"replies":[{"embeddable":true,"href":"https:\/\/tulibreando.com\/index.php\/wp-json\/wp\/v2\/comments?post=2896"}],"wp:featuredmedia":[{"embeddable":true,"href":"https:\/\/tulibreando.com\/index.php\/wp-json\/wp\/v2\/media\/2897"}],"wp:attachment":[{"href":"https:\/\/tulibreando.com\/index.php\/wp-json\/wp\/v2\/media?parent=2896"}],"wp:term":[{"taxonomy":"product_cat","embeddable":true,"href":"https:\/\/tulibreando.com\/index.php\/wp-json\/wp\/v2\/product_cat?post=2896"},{"taxonomy":"product_tag","embeddable":true,"href":"https:\/\/tulibreando.com\/index.php\/wp-json\/wp\/v2\/product_tag?post=2896"}],"curies":[{"name":"wp","href":"https:\/\/api.w.org\/{rel}","templated":true}]}}