{"id":2891,"date":"2024-06-04T13:18:00","date_gmt":"2024-06-04T17:18:00","guid":{"rendered":"https:\/\/tulibreando.com\/?post_type=product&#038;p=2891"},"modified":"2024-11-12T10:22:09","modified_gmt":"2024-11-12T14:22:09","slug":"imbatible","status":"publish","type":"product","link":"https:\/\/tulibreando.com\/index.php\/product\/imbatible\/","title":{"rendered":"Imbatible"},"content":{"rendered":"<p>Ser imbatible es una cuesti\u00f3n de dinero. Saber que, pase lo que pase en la econom\u00eda, la bolsa o el mercado inmobiliario, t\u00fa vas a seguir teniendo seguridad financiera, podr\u00e1s atender tus necesidades y las de tu familia, y sentir\u00e1s el placer, la tranquilidad y la felicidad que eso conlleva.<\/p>\n<p>Pero tambi\u00e9n es algo m\u00e1s. Es sentirse seguro en mitad de una tormenta. Es no dejar que el miedo se apodere de ti. \u00bfSignifica eso que no tienes malos momentos o nunca te vienes abajo? No. Significa que si caes, te pones de pie enseguida. Que si algo te preocupa, lo hace durante poco tiempo. Que eres libre para ser un l\u00edder que toma decisiones y se aprovecha de la confusi\u00f3n mientras los dem\u00e1s, asustados, se limitan a hablar en lugar de actuar.<\/p>\n<p><span class=\"a-text-italic\">Imbatible<\/span>\u00a0es un manual para alcanzar ese deseable estado mental. Un viaje para transformar tu vida financiera y acelerar tu camino hacia una estabilidad que es sin\u00f3nimo de libertad. No importa cu\u00e1nto ganas, en qu\u00e9 trabajas o d\u00f3nde empezaste. Este libro te da las herramientas que te ayudar\u00e1n a alcanzar tus objetivos financieros con una rapidez que no cre\u00edas posible.<\/p>\n","protected":false},"excerpt":{"rendered":"<p>Ser imbatible es una cuesti\u00f3n de dinero. Saber que, pase lo que pase en la econom\u00eda, la bolsa o el mercado inmobiliario, t\u00fa vas a seguir teniendo seguridad financiera, podr\u00e1s atender tus necesidades y las de tu familia, y sentir\u00e1s el placer, la tranquilidad y la felicidad que eso conlleva. Pero tambi\u00e9n es algo m\u00e1s. [&hellip;]<\/p>\n","protected":false},"featured_media":2892,"comment_status":"open","ping_status":"closed","template":"","meta":{"_acf_changed":false,"product_autor":""},"product_cat":[39,37],"product_tag":[],"class_list":{"0":"post-2891","1":"product","2":"type-product","3":"status-publish","4":"has-post-thumbnail","6":"product_cat-crecimiento-personal","7":"product_cat-negocios","9":"first","10":"instock","11":"virtual","12":"purchasable","13":"product-type-simple"},"acf":[],"_links":{"self":[{"href":"https:\/\/tulibreando.com\/index.php\/wp-json\/wp\/v2\/product\/2891"}],"collection":[{"href":"https:\/\/tulibreando.com\/index.php\/wp-json\/wp\/v2\/product"}],"about":[{"href":"https:\/\/tulibreando.com\/index.php\/wp-json\/wp\/v2\/types\/product"}],"replies":[{"embeddable":true,"href":"https:\/\/tulibreando.com\/index.php\/wp-json\/wp\/v2\/comments?post=2891"}],"wp:featuredmedia":[{"embeddable":true,"href":"https:\/\/tulibreando.com\/index.php\/wp-json\/wp\/v2\/media\/2892"}],"wp:attachment":[{"href":"https:\/\/tulibreando.com\/index.php\/wp-json\/wp\/v2\/media?parent=2891"}],"wp:term":[{"taxonomy":"product_cat","embeddable":true,"href":"https:\/\/tulibreando.com\/index.php\/wp-json\/wp\/v2\/product_cat?post=2891"},{"taxonomy":"product_tag","embeddable":true,"href":"https:\/\/tulibreando.com\/index.php\/wp-json\/wp\/v2\/product_tag?post=2891"}],"curies":[{"name":"wp","href":"https:\/\/api.w.org\/{rel}","templated":true}]}}