{"id":2889,"date":"2024-06-04T13:14:32","date_gmt":"2024-06-04T17:14:32","guid":{"rendered":"https:\/\/tulibreando.com\/?post_type=product&#038;p=2889"},"modified":"2024-06-06T15:18:14","modified_gmt":"2024-06-06T19:18:14","slug":"la-bibliotecaria","status":"publish","type":"product","link":"https:\/\/tulibreando.com\/index.php\/product\/la-bibliotecaria\/","title":{"rendered":"La bibliotecaria"},"content":{"rendered":"<p>En 1958, la joven Sylvia Blackwell se muda a un peque\u00f1o pueblo del centro de Inglaterra para empezar su nuevo trabajo como bibliotecaria. Pero en este pueblo aparentemente acogedor, las apariencias enga\u00f1an. Sylvia se enamora del m\u00e9dico del lugar, pero es su conexi\u00f3n con su precoz hija y con el hijo de sus vecinos lo que cambiar\u00e1 su vida y pondr\u00e1 en peligro a la biblioteca y a su trabajo.<\/p>\n<p>\u00bfC\u00f3mo altera la biblioteca la vida de los ni\u00f1os y qu\u00e9 consecuencias tendr\u00e1n en sus vidas los libros que Sylvia escoge para ellos?<\/p>\n","protected":false},"excerpt":{"rendered":"<p>En 1958, la joven Sylvia Blackwell se muda a un peque\u00f1o pueblo del centro de Inglaterra para empezar su nuevo trabajo como bibliotecaria. Pero en este pueblo aparentemente acogedor, las apariencias enga\u00f1an. Sylvia se enamora del m\u00e9dico del lugar, pero es su conexi\u00f3n con su precoz hija y con el hijo de sus vecinos lo [&hellip;]<\/p>\n","protected":false},"featured_media":2890,"comment_status":"open","ping_status":"closed","template":"","meta":{"_acf_changed":false,"product_autor":""},"product_cat":[45],"product_tag":[],"class_list":{"0":"post-2889","1":"product","2":"type-product","3":"status-publish","4":"has-post-thumbnail","6":"product_cat-literatura-y-novelas","8":"first","9":"instock","10":"virtual","11":"purchasable","12":"product-type-simple"},"acf":[],"_links":{"self":[{"href":"https:\/\/tulibreando.com\/index.php\/wp-json\/wp\/v2\/product\/2889"}],"collection":[{"href":"https:\/\/tulibreando.com\/index.php\/wp-json\/wp\/v2\/product"}],"about":[{"href":"https:\/\/tulibreando.com\/index.php\/wp-json\/wp\/v2\/types\/product"}],"replies":[{"embeddable":true,"href":"https:\/\/tulibreando.com\/index.php\/wp-json\/wp\/v2\/comments?post=2889"}],"wp:featuredmedia":[{"embeddable":true,"href":"https:\/\/tulibreando.com\/index.php\/wp-json\/wp\/v2\/media\/2890"}],"wp:attachment":[{"href":"https:\/\/tulibreando.com\/index.php\/wp-json\/wp\/v2\/media?parent=2889"}],"wp:term":[{"taxonomy":"product_cat","embeddable":true,"href":"https:\/\/tulibreando.com\/index.php\/wp-json\/wp\/v2\/product_cat?post=2889"},{"taxonomy":"product_tag","embeddable":true,"href":"https:\/\/tulibreando.com\/index.php\/wp-json\/wp\/v2\/product_tag?post=2889"}],"curies":[{"name":"wp","href":"https:\/\/api.w.org\/{rel}","templated":true}]}}