{"id":2881,"date":"2024-06-04T12:59:50","date_gmt":"2024-06-04T16:59:50","guid":{"rendered":"https:\/\/tulibreando.com\/?post_type=product&#038;p=2881"},"modified":"2024-06-06T15:18:13","modified_gmt":"2024-06-06T19:18:13","slug":"yolo-aventuras-el-misterio-del-amazonas","status":"publish","type":"product","link":"https:\/\/tulibreando.com\/index.php\/product\/yolo-aventuras-el-misterio-del-amazonas\/","title":{"rendered":"Yolo aventuras El misterio del amazonas"},"content":{"rendered":"<p>Los Aventureros han recibido unos correos electr\u00f3nicos con una informaci\u00f3n alarmante: alguien est\u00e1 destruyendo el Amazonas. Como ellos son los\u00a0<em>youtubers<\/em>\u00a0m\u00e1s comprometidos con\u00a0el cuidado del medioambiente, deciden ir a investigar&#8230; pero no se imaginan lo que encontrar\u00e1n: robots con formas de dinosaurio, esp\u00edritus del bosque, ciudades perdidas y la malvada entidad desconocida que amenaz\u00f3 con destruirlos.<\/p>\n<p>\u00bfPodr\u00e1n Yolo, Mariana, Nando y Panda salvar la selva m\u00e1s importante del mundo?<\/p>\n","protected":false},"excerpt":{"rendered":"<p>Los Aventureros han recibido unos correos electr\u00f3nicos con una informaci\u00f3n alarmante: alguien est\u00e1 destruyendo el Amazonas. Como ellos son los\u00a0youtubers\u00a0m\u00e1s comprometidos con\u00a0el cuidado del medioambiente, deciden ir a investigar&#8230; pero no se imaginan lo que encontrar\u00e1n: robots con formas de dinosaurio, esp\u00edritus del bosque, ciudades perdidas y la malvada entidad desconocida que amenaz\u00f3 con destruirlos. [&hellip;]<\/p>\n","protected":false},"featured_media":2883,"comment_status":"open","ping_status":"closed","template":"","meta":{"_acf_changed":false,"product_autor":""},"product_cat":[46],"product_tag":[],"class_list":{"0":"post-2881","1":"product","2":"type-product","3":"status-publish","4":"has-post-thumbnail","6":"product_cat-para-peques-y-no-tan-peques","8":"first","9":"instock","10":"virtual","11":"purchasable","12":"product-type-simple"},"acf":[],"_links":{"self":[{"href":"https:\/\/tulibreando.com\/index.php\/wp-json\/wp\/v2\/product\/2881"}],"collection":[{"href":"https:\/\/tulibreando.com\/index.php\/wp-json\/wp\/v2\/product"}],"about":[{"href":"https:\/\/tulibreando.com\/index.php\/wp-json\/wp\/v2\/types\/product"}],"replies":[{"embeddable":true,"href":"https:\/\/tulibreando.com\/index.php\/wp-json\/wp\/v2\/comments?post=2881"}],"wp:featuredmedia":[{"embeddable":true,"href":"https:\/\/tulibreando.com\/index.php\/wp-json\/wp\/v2\/media\/2883"}],"wp:attachment":[{"href":"https:\/\/tulibreando.com\/index.php\/wp-json\/wp\/v2\/media?parent=2881"}],"wp:term":[{"taxonomy":"product_cat","embeddable":true,"href":"https:\/\/tulibreando.com\/index.php\/wp-json\/wp\/v2\/product_cat?post=2881"},{"taxonomy":"product_tag","embeddable":true,"href":"https:\/\/tulibreando.com\/index.php\/wp-json\/wp\/v2\/product_tag?post=2881"}],"curies":[{"name":"wp","href":"https:\/\/api.w.org\/{rel}","templated":true}]}}