{"id":2869,"date":"2024-06-04T12:26:16","date_gmt":"2024-06-04T16:26:16","guid":{"rendered":"https:\/\/tulibreando.com\/?post_type=product&#038;p=2869"},"modified":"2024-06-06T15:18:12","modified_gmt":"2024-06-06T19:18:12","slug":"pensar-con-claridad","status":"publish","type":"product","link":"https:\/\/tulibreando.com\/index.php\/product\/pensar-con-claridad\/","title":{"rendered":"Pensar con claridad"},"content":{"rendered":"<p><strong>No act\u00faes de forma precipitada, no te dejes llevar por la inercia ni la presi\u00f3n social y despr\u00e9ndete de tu ego. Da un paso atr\u00e1s y piensa con claridad. El \u00e9xito depende muchas veces de peque\u00f1as decisiones que est\u00e1s tomando por instinto. Deja de hacerlo, tu futuro depende de ello.<\/strong><\/p>\n<p>Damos por hecho que nuestras decisiones parten de un largo proceso de reflexi\u00f3n, que le damos muchas vueltas a los asuntos m\u00e1s importantes de nuestra vida y que pensamos bien antes de pasar a la acci\u00f3n. Pues bien, no es cierto. Estamos biol\u00f3gicamente programados para reaccionar de manera impulsiva y si bien este comportamiento instintivo ayud\u00f3 a nuestros antepasados a sobrevivir, hoy nos desv\u00eda cada vez m\u00e1s del \u00e9xito.<\/p>\n","protected":false},"excerpt":{"rendered":"<p>No act\u00faes de forma precipitada, no te dejes llevar por la inercia ni la presi\u00f3n social y despr\u00e9ndete de tu ego. Da un paso atr\u00e1s y piensa con claridad. El \u00e9xito depende muchas veces de peque\u00f1as decisiones que est\u00e1s tomando por instinto. Deja de hacerlo, tu futuro depende de ello. Damos por hecho que nuestras [&hellip;]<\/p>\n","protected":false},"featured_media":2870,"comment_status":"open","ping_status":"closed","template":"","meta":{"_acf_changed":false,"product_autor":""},"product_cat":[39],"product_tag":[],"class_list":{"0":"post-2869","1":"product","2":"type-product","3":"status-publish","4":"has-post-thumbnail","6":"product_cat-crecimiento-personal","8":"first","9":"instock","10":"virtual","11":"purchasable","12":"product-type-simple"},"acf":[],"_links":{"self":[{"href":"https:\/\/tulibreando.com\/index.php\/wp-json\/wp\/v2\/product\/2869"}],"collection":[{"href":"https:\/\/tulibreando.com\/index.php\/wp-json\/wp\/v2\/product"}],"about":[{"href":"https:\/\/tulibreando.com\/index.php\/wp-json\/wp\/v2\/types\/product"}],"replies":[{"embeddable":true,"href":"https:\/\/tulibreando.com\/index.php\/wp-json\/wp\/v2\/comments?post=2869"}],"wp:featuredmedia":[{"embeddable":true,"href":"https:\/\/tulibreando.com\/index.php\/wp-json\/wp\/v2\/media\/2870"}],"wp:attachment":[{"href":"https:\/\/tulibreando.com\/index.php\/wp-json\/wp\/v2\/media?parent=2869"}],"wp:term":[{"taxonomy":"product_cat","embeddable":true,"href":"https:\/\/tulibreando.com\/index.php\/wp-json\/wp\/v2\/product_cat?post=2869"},{"taxonomy":"product_tag","embeddable":true,"href":"https:\/\/tulibreando.com\/index.php\/wp-json\/wp\/v2\/product_tag?post=2869"}],"curies":[{"name":"wp","href":"https:\/\/api.w.org\/{rel}","templated":true}]}}