{"id":2867,"date":"2024-06-04T11:16:18","date_gmt":"2024-06-04T15:16:18","guid":{"rendered":"https:\/\/tulibreando.com\/?post_type=product&#038;p=2867"},"modified":"2024-11-14T09:46:07","modified_gmt":"2024-11-14T13:46:07","slug":"doppengalnger","status":"publish","type":"product","link":"https:\/\/tulibreando.com\/index.php\/product\/doppengalnger\/","title":{"rendered":"Doppengalnger"},"content":{"rendered":"<p><strong>Naomi Klein, una de las periodistas m\u00e1s influyentes del mundo y autora de bestsellers como\u00a0<em>No logo<\/em>\u00a0y\u00a0<em>La doctrina del shock<\/em>, nos ofrece en\u00a0<em>Doppelganger<\/em>\u00a0un an\u00e1lisis revelador del laberinto de espejos de la pol\u00edtica de hoy y de las realidades inciertas del universo digital.<\/strong><\/p>\n<p><strong>\u00bfQu\u00e9 pasar\u00eda si te despertaras una ma\u00f1ana y descubrieras que has adquirido otro yo, un doble que casi eres t\u00fa, pero que en realidad no lo es? \u00bfQu\u00e9 pasar\u00eda si ese doble compartiera muchas de tus preocupaciones, pero de forma totalmente opuesta, y promoviera aquellas causas contra las que has luchado toda tu vida?<\/strong><\/p>\n","protected":false},"excerpt":{"rendered":"<p>Naomi Klein, una de las periodistas m\u00e1s influyentes del mundo y autora de bestsellers como\u00a0No logo\u00a0y\u00a0La doctrina del shock, nos ofrece en\u00a0Doppelganger\u00a0un an\u00e1lisis revelador del laberinto de espejos de la pol\u00edtica de hoy y de las realidades inciertas del universo digital. \u00bfQu\u00e9 pasar\u00eda si te despertaras una ma\u00f1ana y descubrieras que has adquirido otro yo, [&hellip;]<\/p>\n","protected":false},"featured_media":2868,"comment_status":"open","ping_status":"closed","template":"","meta":{"_acf_changed":false,"product_autor":""},"product_cat":[39,40],"product_tag":[],"class_list":{"0":"post-2867","1":"product","2":"type-product","3":"status-publish","4":"has-post-thumbnail","6":"product_cat-crecimiento-personal","7":"product_cat-tecnicos","9":"first","10":"instock","11":"virtual","12":"purchasable","13":"product-type-simple"},"acf":[],"_links":{"self":[{"href":"https:\/\/tulibreando.com\/index.php\/wp-json\/wp\/v2\/product\/2867"}],"collection":[{"href":"https:\/\/tulibreando.com\/index.php\/wp-json\/wp\/v2\/product"}],"about":[{"href":"https:\/\/tulibreando.com\/index.php\/wp-json\/wp\/v2\/types\/product"}],"replies":[{"embeddable":true,"href":"https:\/\/tulibreando.com\/index.php\/wp-json\/wp\/v2\/comments?post=2867"}],"wp:featuredmedia":[{"embeddable":true,"href":"https:\/\/tulibreando.com\/index.php\/wp-json\/wp\/v2\/media\/2868"}],"wp:attachment":[{"href":"https:\/\/tulibreando.com\/index.php\/wp-json\/wp\/v2\/media?parent=2867"}],"wp:term":[{"taxonomy":"product_cat","embeddable":true,"href":"https:\/\/tulibreando.com\/index.php\/wp-json\/wp\/v2\/product_cat?post=2867"},{"taxonomy":"product_tag","embeddable":true,"href":"https:\/\/tulibreando.com\/index.php\/wp-json\/wp\/v2\/product_tag?post=2867"}],"curies":[{"name":"wp","href":"https:\/\/api.w.org\/{rel}","templated":true}]}}