{"id":2865,"date":"2024-06-04T11:10:22","date_gmt":"2024-06-04T15:10:22","guid":{"rendered":"https:\/\/tulibreando.com\/?post_type=product&#038;p=2865"},"modified":"2024-06-06T15:18:10","modified_gmt":"2024-06-06T19:18:10","slug":"en-blanca-y-negro","status":"publish","type":"product","link":"https:\/\/tulibreando.com\/index.php\/product\/en-blanca-y-negro\/","title":{"rendered":"En blanca y negro"},"content":{"rendered":"<p><em>En Blanca y negro<\/em>\u00a0es un homenaje a Blanca, la mujer que ayud\u00f3 a Juanjo Ben\u00edtez a cruzar la calle de la vida durante casi 40 a\u00f1os. Se trata del diario de una experiencia extrema: los \u00faltimos 280 d\u00edas en la vida de la esposa de J. J. Ben\u00edtez. El libro discurre entre el miedo y la esperanza. Como siempre en la obra del escritor navarro, lo mejor hay que descubrirlo entre l\u00edneas. En definitiva: un libro para iniciados.<\/p>\n","protected":false},"excerpt":{"rendered":"<p>En Blanca y negro\u00a0es un homenaje a Blanca, la mujer que ayud\u00f3 a Juanjo Ben\u00edtez a cruzar la calle de la vida durante casi 40 a\u00f1os. Se trata del diario de una experiencia extrema: los \u00faltimos 280 d\u00edas en la vida de la esposa de J. J. Ben\u00edtez. El libro discurre entre el miedo y [&hellip;]<\/p>\n","protected":false},"featured_media":2866,"comment_status":"open","ping_status":"closed","template":"","meta":{"_acf_changed":false,"product_autor":""},"product_cat":[47],"product_tag":[],"class_list":{"0":"post-2865","1":"product","2":"type-product","3":"status-publish","4":"has-post-thumbnail","6":"product_cat-historia-y-bibligrafias","8":"first","9":"instock","10":"virtual","11":"purchasable","12":"product-type-simple"},"acf":[],"_links":{"self":[{"href":"https:\/\/tulibreando.com\/index.php\/wp-json\/wp\/v2\/product\/2865"}],"collection":[{"href":"https:\/\/tulibreando.com\/index.php\/wp-json\/wp\/v2\/product"}],"about":[{"href":"https:\/\/tulibreando.com\/index.php\/wp-json\/wp\/v2\/types\/product"}],"replies":[{"embeddable":true,"href":"https:\/\/tulibreando.com\/index.php\/wp-json\/wp\/v2\/comments?post=2865"}],"wp:featuredmedia":[{"embeddable":true,"href":"https:\/\/tulibreando.com\/index.php\/wp-json\/wp\/v2\/media\/2866"}],"wp:attachment":[{"href":"https:\/\/tulibreando.com\/index.php\/wp-json\/wp\/v2\/media?parent=2865"}],"wp:term":[{"taxonomy":"product_cat","embeddable":true,"href":"https:\/\/tulibreando.com\/index.php\/wp-json\/wp\/v2\/product_cat?post=2865"},{"taxonomy":"product_tag","embeddable":true,"href":"https:\/\/tulibreando.com\/index.php\/wp-json\/wp\/v2\/product_tag?post=2865"}],"curies":[{"name":"wp","href":"https:\/\/api.w.org\/{rel}","templated":true}]}}