{"id":2861,"date":"2024-06-04T11:01:53","date_gmt":"2024-06-04T15:01:53","guid":{"rendered":"https:\/\/tulibreando.com\/?post_type=product&#038;p=2861"},"modified":"2024-06-06T15:18:10","modified_gmt":"2024-06-06T19:18:10","slug":"este-libro-te-cargara-las-pilas","status":"publish","type":"product","link":"https:\/\/tulibreando.com\/index.php\/product\/este-libro-te-cargara-las-pilas\/","title":{"rendered":"Este libro te cargara las pilas"},"content":{"rendered":"<p>Cada vez son m\u00e1s las personas que abogan por bajar el ritmo y eliminar el estr\u00e9s. Pero a veces lo que nos agobia no es tanto lo que tenemos que hacer, sino el hecho de que no hemos previsto hacer pausas recuperadoras entre las actividades de nuestra agenda. Henrik Fexeus y Catharina Enblad nos ense\u00f1an el arte de recuperarnos con inteligencia, y para ello presentan una multitud de trucos y estrategias basados en los \u00faltimos descubrimientos cient\u00edficos sobre el estr\u00e9s, la recuperaci\u00f3n, el mindfulness, el manejo del tiempo y la psicolog\u00eda cognitiva. Adapt\u00e1ndose a nuestra personalidad y a nuestro estilo de vida, estos originales y efectivos ejercicios nos recargar\u00e1n las pilas y nos permitir\u00e1n seguir disfrutando de la vida llenos de energ\u00eda, incluso cuando vamos a tope.<\/p>\n","protected":false},"excerpt":{"rendered":"<p>Cada vez son m\u00e1s las personas que abogan por bajar el ritmo y eliminar el estr\u00e9s. Pero a veces lo que nos agobia no es tanto lo que tenemos que hacer, sino el hecho de que no hemos previsto hacer pausas recuperadoras entre las actividades de nuestra agenda. Henrik Fexeus y Catharina Enblad nos ense\u00f1an [&hellip;]<\/p>\n","protected":false},"featured_media":2862,"comment_status":"open","ping_status":"closed","template":"","meta":{"_acf_changed":false,"product_autor":""},"product_cat":[39],"product_tag":[],"class_list":{"0":"post-2861","1":"product","2":"type-product","3":"status-publish","4":"has-post-thumbnail","6":"product_cat-crecimiento-personal","8":"first","9":"instock","10":"virtual","11":"purchasable","12":"product-type-simple"},"acf":[],"_links":{"self":[{"href":"https:\/\/tulibreando.com\/index.php\/wp-json\/wp\/v2\/product\/2861"}],"collection":[{"href":"https:\/\/tulibreando.com\/index.php\/wp-json\/wp\/v2\/product"}],"about":[{"href":"https:\/\/tulibreando.com\/index.php\/wp-json\/wp\/v2\/types\/product"}],"replies":[{"embeddable":true,"href":"https:\/\/tulibreando.com\/index.php\/wp-json\/wp\/v2\/comments?post=2861"}],"wp:featuredmedia":[{"embeddable":true,"href":"https:\/\/tulibreando.com\/index.php\/wp-json\/wp\/v2\/media\/2862"}],"wp:attachment":[{"href":"https:\/\/tulibreando.com\/index.php\/wp-json\/wp\/v2\/media?parent=2861"}],"wp:term":[{"taxonomy":"product_cat","embeddable":true,"href":"https:\/\/tulibreando.com\/index.php\/wp-json\/wp\/v2\/product_cat?post=2861"},{"taxonomy":"product_tag","embeddable":true,"href":"https:\/\/tulibreando.com\/index.php\/wp-json\/wp\/v2\/product_tag?post=2861"}],"curies":[{"name":"wp","href":"https:\/\/api.w.org\/{rel}","templated":true}]}}