{"id":2857,"date":"2024-06-04T10:54:32","date_gmt":"2024-06-04T14:54:32","guid":{"rendered":"https:\/\/tulibreando.com\/?post_type=product&#038;p=2857"},"modified":"2024-06-06T15:18:09","modified_gmt":"2024-06-06T19:18:09","slug":"el-poder-de-la-concentracion-absoluta","status":"publish","type":"product","link":"https:\/\/tulibreando.com\/index.php\/product\/el-poder-de-la-concentracion-absoluta\/","title":{"rendered":"El poder de la concentraci\u00f3n absoluta"},"content":{"rendered":"<p>La vida que deseas est\u00e1 a tu alcance, pero para ello debes dominar el poder de la concentraci\u00f3n absoluta.<\/p>\n<p>Ansiedad, estr\u00e9s, preocupaci\u00f3n, miedo\u2026 todos estos males se han convertido pr\u00e1cticamente en una plaga en Occidente, plaga que contribuye a nuestra infelicidad e incluso a provocarnos o agravar ciertas enfermedades. En este libro, el renombrado monje y conferenciante internacional Dandapani nos muestra c\u00f3mo el dominio de una sola cualidad, la de la concentraci\u00f3n, puede permitirnos traspasar de forma permanente esas pesadas barreras mentales que nos alejan de la vida que anhelamos.<\/p>\n","protected":false},"excerpt":{"rendered":"<p>La vida que deseas est\u00e1 a tu alcance, pero para ello debes dominar el poder de la concentraci\u00f3n absoluta. Ansiedad, estr\u00e9s, preocupaci\u00f3n, miedo\u2026 todos estos males se han convertido pr\u00e1cticamente en una plaga en Occidente, plaga que contribuye a nuestra infelicidad e incluso a provocarnos o agravar ciertas enfermedades. En este libro, el renombrado monje [&hellip;]<\/p>\n","protected":false},"featured_media":2858,"comment_status":"open","ping_status":"closed","template":"","meta":{"_acf_changed":false,"product_autor":""},"product_cat":[39],"product_tag":[],"class_list":{"0":"post-2857","1":"product","2":"type-product","3":"status-publish","4":"has-post-thumbnail","6":"product_cat-crecimiento-personal","8":"first","9":"instock","10":"virtual","11":"purchasable","12":"product-type-simple"},"acf":[],"_links":{"self":[{"href":"https:\/\/tulibreando.com\/index.php\/wp-json\/wp\/v2\/product\/2857"}],"collection":[{"href":"https:\/\/tulibreando.com\/index.php\/wp-json\/wp\/v2\/product"}],"about":[{"href":"https:\/\/tulibreando.com\/index.php\/wp-json\/wp\/v2\/types\/product"}],"replies":[{"embeddable":true,"href":"https:\/\/tulibreando.com\/index.php\/wp-json\/wp\/v2\/comments?post=2857"}],"wp:featuredmedia":[{"embeddable":true,"href":"https:\/\/tulibreando.com\/index.php\/wp-json\/wp\/v2\/media\/2858"}],"wp:attachment":[{"href":"https:\/\/tulibreando.com\/index.php\/wp-json\/wp\/v2\/media?parent=2857"}],"wp:term":[{"taxonomy":"product_cat","embeddable":true,"href":"https:\/\/tulibreando.com\/index.php\/wp-json\/wp\/v2\/product_cat?post=2857"},{"taxonomy":"product_tag","embeddable":true,"href":"https:\/\/tulibreando.com\/index.php\/wp-json\/wp\/v2\/product_tag?post=2857"}],"curies":[{"name":"wp","href":"https:\/\/api.w.org\/{rel}","templated":true}]}}