{"id":2829,"date":"2024-06-03T13:55:53","date_gmt":"2024-06-03T17:55:53","guid":{"rendered":"https:\/\/tulibreando.com\/?post_type=product&#038;p=2829"},"modified":"2024-06-06T15:18:08","modified_gmt":"2024-06-06T19:18:08","slug":"dulce-maldad","status":"publish","type":"product","link":"https:\/\/tulibreando.com\/index.php\/product\/dulce-maldad\/","title":{"rendered":"Dulce maldad"},"content":{"rendered":"<p><span data-contrast=\"\">El hermano de Arianne desapareci\u00f3 hace cinco a\u00f1os tras el feroz ataque de un lobo. Desde entonces su madre se ha sumido en un profundo silencio, insiste en dejar el pasado atr\u00e1s y se niega a contarle la verdad \u201cpor su seguridad\u201d. En consecuencia e impulsada por una fuerza desconocida y perturbadora que brota desde lo m\u00e1s hondo de su ser, Ari busca desesperadamente la forma de regresar a New Hope, descubrir qu\u00e9 ocurri\u00f3 y sigue ocurriendo en ese pueblo siniestro, averiguar qu\u00e9 es lo que produce tantos cambios en su interior y encontrar a su hermano, ya sea vivo o muerto.<\/span><span data-ccp-props=\"\"><br \/>\n<\/span><span data-contrast=\"\">En esta arriesgada misi\u00f3n, Arianne sacar\u00e1 a luz todo lo que le ocultaron sobre sus or\u00edgenes; la sorprender\u00e1 el amor m\u00e1s visceral que hubiera imaginado jam\u00e1s; tendr\u00e1 que enfrentarse a fuerzas tan oscuras como poderosas que operan en otros planos y en su interior; y tendr\u00e1 que resolver los misterios que la acechan. Eso, antes de que todo acabe en llamas.<\/span><span data-ccp-props=\"\"><br \/>\n<\/span><span data-contrast=\"\">Jessica Rivas nos enciende con una historia adictiva a la que no le falta nada: secretos familiares, poderes letales, noches de luna, licantrop\u00eda, luchas y besos que prenden fuego.\u00a0<\/span><span data-ccp-props=\"\">\u00a0<\/span><\/p>\n","protected":false},"excerpt":{"rendered":"<p>El hermano de Arianne desapareci\u00f3 hace cinco a\u00f1os tras el feroz ataque de un lobo. Desde entonces su madre se ha sumido en un profundo silencio, insiste en dejar el pasado atr\u00e1s y se niega a contarle la verdad \u201cpor su seguridad\u201d. En consecuencia e impulsada por una fuerza desconocida y perturbadora que brota desde [&hellip;]<\/p>\n","protected":false},"featured_media":2830,"comment_status":"open","ping_status":"closed","template":"","meta":{"_acf_changed":false,"product_autor":""},"product_cat":[45],"product_tag":[],"class_list":{"0":"post-2829","1":"product","2":"type-product","3":"status-publish","4":"has-post-thumbnail","6":"product_cat-literatura-y-novelas","8":"first","9":"instock","10":"virtual","11":"purchasable","12":"product-type-simple"},"acf":[],"_links":{"self":[{"href":"https:\/\/tulibreando.com\/index.php\/wp-json\/wp\/v2\/product\/2829"}],"collection":[{"href":"https:\/\/tulibreando.com\/index.php\/wp-json\/wp\/v2\/product"}],"about":[{"href":"https:\/\/tulibreando.com\/index.php\/wp-json\/wp\/v2\/types\/product"}],"replies":[{"embeddable":true,"href":"https:\/\/tulibreando.com\/index.php\/wp-json\/wp\/v2\/comments?post=2829"}],"wp:featuredmedia":[{"embeddable":true,"href":"https:\/\/tulibreando.com\/index.php\/wp-json\/wp\/v2\/media\/2830"}],"wp:attachment":[{"href":"https:\/\/tulibreando.com\/index.php\/wp-json\/wp\/v2\/media?parent=2829"}],"wp:term":[{"taxonomy":"product_cat","embeddable":true,"href":"https:\/\/tulibreando.com\/index.php\/wp-json\/wp\/v2\/product_cat?post=2829"},{"taxonomy":"product_tag","embeddable":true,"href":"https:\/\/tulibreando.com\/index.php\/wp-json\/wp\/v2\/product_tag?post=2829"}],"curies":[{"name":"wp","href":"https:\/\/api.w.org\/{rel}","templated":true}]}}