{"id":2826,"date":"2024-06-03T13:49:52","date_gmt":"2024-06-03T17:49:52","guid":{"rendered":"https:\/\/tulibreando.com\/?post_type=product&#038;p=2826"},"modified":"2024-06-06T15:18:08","modified_gmt":"2024-06-06T19:18:08","slug":"dopamina","status":"publish","type":"product","link":"https:\/\/tulibreando.com\/index.php\/product\/dopamina\/","title":{"rendered":"Dopamina"},"content":{"rendered":"<p>\u00bfPor qu\u00e9 nos obsesionamos con las cosas que queremos y nos aburrimos cuando las conseguimos? \u00bfPor qu\u00e9 la adicci\u00f3n no es una cuesti\u00f3n moral? \u00bfPor qu\u00e9 el amor pasional se convierte tan r\u00e1pidamente en desinter\u00e9s? \u00bfPor qu\u00e9 casi todas las dietas fracasan? \u00bfPor qu\u00e9 vivimos pegados a las redes sociales? \u00bfPor qu\u00e9 algunas personas son liberales ac\u00e9rrimos y otras, conservadores extremos? \u00bfC\u00f3mo logramos mantener la esperanza, incluso en los tiempos m\u00e1s oscuros? La respuesta reside en una simple sustancia qu\u00edmica de nuestro cerebro:\u00a0<strong>la dopamina<\/strong>.<\/p>\n","protected":false},"excerpt":{"rendered":"<p>\u00bfPor qu\u00e9 nos obsesionamos con las cosas que queremos y nos aburrimos cuando las conseguimos? \u00bfPor qu\u00e9 la adicci\u00f3n no es una cuesti\u00f3n moral? \u00bfPor qu\u00e9 el amor pasional se convierte tan r\u00e1pidamente en desinter\u00e9s? \u00bfPor qu\u00e9 casi todas las dietas fracasan? \u00bfPor qu\u00e9 vivimos pegados a las redes sociales? \u00bfPor qu\u00e9 algunas personas son [&hellip;]<\/p>\n","protected":false},"featured_media":2827,"comment_status":"open","ping_status":"closed","template":"","meta":{"_acf_changed":false,"product_autor":""},"product_cat":[38],"product_tag":[],"class_list":{"0":"post-2826","1":"product","2":"type-product","3":"status-publish","4":"has-post-thumbnail","6":"product_cat-salud","8":"first","9":"instock","10":"virtual","11":"purchasable","12":"product-type-simple"},"acf":[],"_links":{"self":[{"href":"https:\/\/tulibreando.com\/index.php\/wp-json\/wp\/v2\/product\/2826"}],"collection":[{"href":"https:\/\/tulibreando.com\/index.php\/wp-json\/wp\/v2\/product"}],"about":[{"href":"https:\/\/tulibreando.com\/index.php\/wp-json\/wp\/v2\/types\/product"}],"replies":[{"embeddable":true,"href":"https:\/\/tulibreando.com\/index.php\/wp-json\/wp\/v2\/comments?post=2826"}],"wp:featuredmedia":[{"embeddable":true,"href":"https:\/\/tulibreando.com\/index.php\/wp-json\/wp\/v2\/media\/2827"}],"wp:attachment":[{"href":"https:\/\/tulibreando.com\/index.php\/wp-json\/wp\/v2\/media?parent=2826"}],"wp:term":[{"taxonomy":"product_cat","embeddable":true,"href":"https:\/\/tulibreando.com\/index.php\/wp-json\/wp\/v2\/product_cat?post=2826"},{"taxonomy":"product_tag","embeddable":true,"href":"https:\/\/tulibreando.com\/index.php\/wp-json\/wp\/v2\/product_tag?post=2826"}],"curies":[{"name":"wp","href":"https:\/\/api.w.org\/{rel}","templated":true}]}}