{"id":2817,"date":"2024-06-03T13:41:31","date_gmt":"2024-06-03T17:41:31","guid":{"rendered":"https:\/\/tulibreando.com\/?post_type=product&#038;p=2817"},"modified":"2024-06-10T11:40:45","modified_gmt":"2024-06-10T15:40:45","slug":"el-hombre-en-busca-de-sentido-2","status":"publish","type":"product","link":"https:\/\/tulibreando.com\/index.php\/product\/el-hombre-en-busca-de-sentido-2\/","title":{"rendered":"El hombre en busca de sentido"},"content":{"rendered":"<p>En esta obra, Viktor E. Frankl explica la experiencia que le llev\u00f3 al descubrimiento de la logoterapia. Prisionero, durante mucho tiempo, en los desalmados campos de concentraci\u00f3n, \u00e9l mismo sinti\u00f3 en su propio ser lo que significaba una existencia desnuda. \u00bfC\u00f3mo pudo \u00e9l que todo lo hab\u00eda perdido, que hab\u00eda visto destruir todo lo que val\u00eda la pena, que padeci\u00f3 hambre, fr\u00edo, brutalidades sin fin, que tantas veces estuvo a punto del exterminio, c\u00f3mo pudo aceptar que la vida fuera digna de vivirla? El psiquiatra que personalmente ha tenido que enfrentarse a tales rigores merece que se le escuche, pues nadie como \u00e9l para juzgar nuestra condici\u00f3n humana sabia y compasivamente. Las palabras del doctor Frankl alcanzan un temple sorprendentemente esperanzador sobre la capacidad humana de trascender sus dificultades y descubrir la verdad conveniente y orientadora.<\/p>\n","protected":false},"excerpt":{"rendered":"<p>En esta obra, Viktor E. Frankl explica la experiencia que le llev\u00f3 al descubrimiento de la logoterapia. Prisionero, durante mucho tiempo, en los desalmados campos de concentraci\u00f3n, \u00e9l mismo sinti\u00f3 en su propio ser lo que significaba una existencia desnuda. \u00bfC\u00f3mo pudo \u00e9l que todo lo hab\u00eda perdido, que hab\u00eda visto destruir todo lo que [&hellip;]<\/p>\n","protected":false},"featured_media":2818,"comment_status":"open","ping_status":"closed","template":"","meta":{"_acf_changed":false,"product_autor":""},"product_cat":[39,50],"product_tag":[],"class_list":{"0":"post-2817","1":"product","2":"type-product","3":"status-publish","4":"has-post-thumbnail","6":"product_cat-crecimiento-personal","7":"product_cat-destacados","9":"first","10":"instock","11":"virtual","12":"purchasable","13":"product-type-simple"},"acf":[],"_links":{"self":[{"href":"https:\/\/tulibreando.com\/index.php\/wp-json\/wp\/v2\/product\/2817"}],"collection":[{"href":"https:\/\/tulibreando.com\/index.php\/wp-json\/wp\/v2\/product"}],"about":[{"href":"https:\/\/tulibreando.com\/index.php\/wp-json\/wp\/v2\/types\/product"}],"replies":[{"embeddable":true,"href":"https:\/\/tulibreando.com\/index.php\/wp-json\/wp\/v2\/comments?post=2817"}],"wp:featuredmedia":[{"embeddable":true,"href":"https:\/\/tulibreando.com\/index.php\/wp-json\/wp\/v2\/media\/2818"}],"wp:attachment":[{"href":"https:\/\/tulibreando.com\/index.php\/wp-json\/wp\/v2\/media?parent=2817"}],"wp:term":[{"taxonomy":"product_cat","embeddable":true,"href":"https:\/\/tulibreando.com\/index.php\/wp-json\/wp\/v2\/product_cat?post=2817"},{"taxonomy":"product_tag","embeddable":true,"href":"https:\/\/tulibreando.com\/index.php\/wp-json\/wp\/v2\/product_tag?post=2817"}],"curies":[{"name":"wp","href":"https:\/\/api.w.org\/{rel}","templated":true}]}}