{"id":2782,"date":"2024-06-02T17:43:53","date_gmt":"2024-06-02T21:43:53","guid":{"rendered":"https:\/\/tulibreando.com\/?post_type=product&#038;p=2782"},"modified":"2024-06-06T15:18:07","modified_gmt":"2024-06-06T19:18:07","slug":"ciudad-de-las-almas-perdidas-cazadores-de-sombras","status":"publish","type":"product","link":"https:\/\/tulibreando.com\/index.php\/product\/ciudad-de-las-almas-perdidas-cazadores-de-sombras\/","title":{"rendered":"Ciudad de las almas perdidas Cazadores de sombras"},"content":{"rendered":"<p>Jace es ahora un sirviente del mal, vinculado a Sebastian por toda la eternidad. S\u00f3lo un peque\u00f1o grupo de Cazadores de Sombras cree posible su salvaci\u00f3n. Para lograrla, deben desafi ar al C\u00f3nclave, y deben actuar sin Clary. Porque Clary est\u00e1 jugando a un juego muy peligroso por su propia cuenta y riesgo. Si pierde, el precio que deber\u00e1 pagar no consiste tan solo en entregar su vida, sino tambi\u00e9n el alma de Jace. Clary est\u00e1 dispuesta a hacer lo que sea por Jace, pero \u00bfpue- Clary est\u00e1 dispuesta a hacer lo que sea por Jace, pero \u00bfpuede seguir confi ando en \u00e9l? \u00bfO lo ha perdido para siempre? de seguir confi ando en \u00e9l? \u00bfO lo ha perdido para siempre? \u00bfEs el precio a pagar demasiado alto, incluso para el amor? \u00bfEs el precio a pagar demasiado alto, incluso para el amor?<\/p>\n","protected":false},"excerpt":{"rendered":"<p>Jace es ahora un sirviente del mal, vinculado a Sebastian por toda la eternidad. S\u00f3lo un peque\u00f1o grupo de Cazadores de Sombras cree posible su salvaci\u00f3n. Para lograrla, deben desafi ar al C\u00f3nclave, y deben actuar sin Clary. Porque Clary est\u00e1 jugando a un juego muy peligroso por su propia cuenta y riesgo. Si pierde, [&hellip;]<\/p>\n","protected":false},"featured_media":2783,"comment_status":"open","ping_status":"closed","template":"","meta":{"_acf_changed":false,"product_autor":""},"product_cat":[45],"product_tag":[],"class_list":{"0":"post-2782","1":"product","2":"type-product","3":"status-publish","4":"has-post-thumbnail","6":"product_cat-literatura-y-novelas","8":"first","9":"instock","10":"virtual","11":"purchasable","12":"product-type-simple"},"acf":[],"_links":{"self":[{"href":"https:\/\/tulibreando.com\/index.php\/wp-json\/wp\/v2\/product\/2782"}],"collection":[{"href":"https:\/\/tulibreando.com\/index.php\/wp-json\/wp\/v2\/product"}],"about":[{"href":"https:\/\/tulibreando.com\/index.php\/wp-json\/wp\/v2\/types\/product"}],"replies":[{"embeddable":true,"href":"https:\/\/tulibreando.com\/index.php\/wp-json\/wp\/v2\/comments?post=2782"}],"wp:featuredmedia":[{"embeddable":true,"href":"https:\/\/tulibreando.com\/index.php\/wp-json\/wp\/v2\/media\/2783"}],"wp:attachment":[{"href":"https:\/\/tulibreando.com\/index.php\/wp-json\/wp\/v2\/media?parent=2782"}],"wp:term":[{"taxonomy":"product_cat","embeddable":true,"href":"https:\/\/tulibreando.com\/index.php\/wp-json\/wp\/v2\/product_cat?post=2782"},{"taxonomy":"product_tag","embeddable":true,"href":"https:\/\/tulibreando.com\/index.php\/wp-json\/wp\/v2\/product_tag?post=2782"}],"curies":[{"name":"wp","href":"https:\/\/api.w.org\/{rel}","templated":true}]}}