{"id":2777,"date":"2024-06-02T17:22:37","date_gmt":"2024-06-02T21:22:37","guid":{"rendered":"https:\/\/tulibreando.com\/?post_type=product&#038;p=2777"},"modified":"2024-06-06T15:18:05","modified_gmt":"2024-06-06T19:18:05","slug":"ciudad-de-cristral-cazadores-de-sombras","status":"publish","type":"product","link":"https:\/\/tulibreando.com\/index.php\/product\/ciudad-de-cristral-cazadores-de-sombras\/","title":{"rendered":"Ciudad de cristral Cazadores de sombras"},"content":{"rendered":"<p>Para salvar la vida de su madre, Clary debe viajar hasta la Ciudad de Cristal, el hogar ancestral de los cazadores de sombras. Por si fuera poco, Jace no quiere que vaya y Simon ha sido encarcelado por los propios Cazadores de Sombras, que no se f\u00edan de un vampiro resistente al sol.<br \/>\nMientras, Clary traba amistad con Sebasti\u00e1n, un misterioso cazador de sombras que se al\u00eda con ella. Valentine est\u00e1 dispuesto a acabar con todos los cazadores de sombras: la \u00fanica opci\u00f3n que les queda a \u00e9stos es aliarse con sus mortales enemigos pero \u00bfpodr\u00e1n hombreslobo, vampiros y otras criaturas del submundo dejar a un lado susdiferencias con los cazadores de sombras?<\/p>\n","protected":false},"excerpt":{"rendered":"<p>Para salvar la vida de su madre, Clary debe viajar hasta la Ciudad de Cristal, el hogar ancestral de los cazadores de sombras. Por si fuera poco, Jace no quiere que vaya y Simon ha sido encarcelado por los propios Cazadores de Sombras, que no se f\u00edan de un vampiro resistente al sol. Mientras, Clary [&hellip;]<\/p>\n","protected":false},"featured_media":2778,"comment_status":"open","ping_status":"closed","template":"","meta":{"_acf_changed":false,"product_autor":""},"product_cat":[45],"product_tag":[],"class_list":{"0":"post-2777","1":"product","2":"type-product","3":"status-publish","4":"has-post-thumbnail","6":"product_cat-literatura-y-novelas","8":"first","9":"instock","10":"virtual","11":"purchasable","12":"product-type-simple"},"acf":[],"_links":{"self":[{"href":"https:\/\/tulibreando.com\/index.php\/wp-json\/wp\/v2\/product\/2777"}],"collection":[{"href":"https:\/\/tulibreando.com\/index.php\/wp-json\/wp\/v2\/product"}],"about":[{"href":"https:\/\/tulibreando.com\/index.php\/wp-json\/wp\/v2\/types\/product"}],"replies":[{"embeddable":true,"href":"https:\/\/tulibreando.com\/index.php\/wp-json\/wp\/v2\/comments?post=2777"}],"wp:featuredmedia":[{"embeddable":true,"href":"https:\/\/tulibreando.com\/index.php\/wp-json\/wp\/v2\/media\/2778"}],"wp:attachment":[{"href":"https:\/\/tulibreando.com\/index.php\/wp-json\/wp\/v2\/media?parent=2777"}],"wp:term":[{"taxonomy":"product_cat","embeddable":true,"href":"https:\/\/tulibreando.com\/index.php\/wp-json\/wp\/v2\/product_cat?post=2777"},{"taxonomy":"product_tag","embeddable":true,"href":"https:\/\/tulibreando.com\/index.php\/wp-json\/wp\/v2\/product_tag?post=2777"}],"curies":[{"name":"wp","href":"https:\/\/api.w.org\/{rel}","templated":true}]}}