{"id":2766,"date":"2024-06-02T17:03:54","date_gmt":"2024-06-02T21:03:54","guid":{"rendered":"https:\/\/tulibreando.com\/?post_type=product&#038;p=2766"},"modified":"2024-06-06T15:18:05","modified_gmt":"2024-06-06T19:18:05","slug":"personas-desconocidas","status":"publish","type":"product","link":"https:\/\/tulibreando.com\/index.php\/product\/personas-desconocidas\/","title":{"rendered":"Personas desconocidas"},"content":{"rendered":"<p>Gabriel Gabe Dickenson y Marta Rodr\u00edguez-Johnson han servido a la polic\u00eda de manera impecable, hasta que un d\u00eda sus vidas se tuercen irreversiblemente. Ahora est\u00e1n condenados a trabajar juntos en esos casos olvidados y nunca aclarados que nadie quiere, en realidad, resolver.<\/p>\n<p>Es una manera de matar el tiempo mientras esperan a que sus jefes decidan que hacer con ellos. Sin embargo, entre ese mont\u00f3n de archivos polvorientos, Marta y Gabe est\u00e1n a punto de encontrar la clave para resolver no solo cuatro extra\u00f1os asesinatos cometidos dos d\u00e9cadas atr\u00e1s, sino tambi\u00e9n una de esas impactantes desapariciones que marcaron un antes y un despu\u00e9s en toda una comunidad. Si hacen las preguntas adecuadas, hallar\u00e1n la respuesta. Pero puede que sea mejor no preguntar. Porque lo que no sospechan es que quien est\u00e1 detr\u00e1s de esas muertes se encuentra muy cerca de ellos. Y prefiere que no se sepa la verdad.<\/p>\n","protected":false},"excerpt":{"rendered":"<p>Gabriel Gabe Dickenson y Marta Rodr\u00edguez-Johnson han servido a la polic\u00eda de manera impecable, hasta que un d\u00eda sus vidas se tuercen irreversiblemente. Ahora est\u00e1n condenados a trabajar juntos en esos casos olvidados y nunca aclarados que nadie quiere, en realidad, resolver. Es una manera de matar el tiempo mientras esperan a que sus jefes [&hellip;]<\/p>\n","protected":false},"featured_media":2768,"comment_status":"open","ping_status":"closed","template":"","meta":{"_acf_changed":false,"product_autor":""},"product_cat":[45],"product_tag":[],"class_list":{"0":"post-2766","1":"product","2":"type-product","3":"status-publish","4":"has-post-thumbnail","6":"product_cat-literatura-y-novelas","8":"first","9":"instock","10":"virtual","11":"purchasable","12":"product-type-simple"},"acf":[],"_links":{"self":[{"href":"https:\/\/tulibreando.com\/index.php\/wp-json\/wp\/v2\/product\/2766"}],"collection":[{"href":"https:\/\/tulibreando.com\/index.php\/wp-json\/wp\/v2\/product"}],"about":[{"href":"https:\/\/tulibreando.com\/index.php\/wp-json\/wp\/v2\/types\/product"}],"replies":[{"embeddable":true,"href":"https:\/\/tulibreando.com\/index.php\/wp-json\/wp\/v2\/comments?post=2766"}],"wp:featuredmedia":[{"embeddable":true,"href":"https:\/\/tulibreando.com\/index.php\/wp-json\/wp\/v2\/media\/2768"}],"wp:attachment":[{"href":"https:\/\/tulibreando.com\/index.php\/wp-json\/wp\/v2\/media?parent=2766"}],"wp:term":[{"taxonomy":"product_cat","embeddable":true,"href":"https:\/\/tulibreando.com\/index.php\/wp-json\/wp\/v2\/product_cat?post=2766"},{"taxonomy":"product_tag","embeddable":true,"href":"https:\/\/tulibreando.com\/index.php\/wp-json\/wp\/v2\/product_tag?post=2766"}],"curies":[{"name":"wp","href":"https:\/\/api.w.org\/{rel}","templated":true}]}}