{"id":2744,"date":"2024-06-02T16:20:43","date_gmt":"2024-06-02T20:20:43","guid":{"rendered":"https:\/\/tulibreando.com\/?post_type=product&#038;p=2744"},"modified":"2024-06-06T15:18:02","modified_gmt":"2024-06-06T19:18:02","slug":"sapiens-una-historia-grafica-2","status":"publish","type":"product","link":"https:\/\/tulibreando.com\/index.php\/product\/sapiens-una-historia-grafica-2\/","title":{"rendered":"Sapiens una historia grafica 2"},"content":{"rendered":"<p>Qu\u00e9 suceder\u00eda si los humanos, doce mil a\u00f1os atr\u00e1s, hubi\u00e9semos ca\u00eddo en una trampa de la que no hemos sido capaces de escapar?<\/p>\n<p>Sapiens. Una historia gr\u00e1fica \u2013 Los pilares de la civilizaci\u00f3n\u00a0explica c\u00f3mo el\u00a0Homo sapiens\u00a0pas\u00f3 de ser una especie n\u00f3mada a una sedentaria y empez\u00f3 a trabajar m\u00e1s duro sin mejorar su nivel de vida. Revela c\u00f3mo el trigo se apoder\u00f3 del mundo; c\u00f3mo un improbable matrimonio entre un dios y un bur\u00f3crata dio lugar a los primeros imperios; c\u00f3mo la guerra, el hambre, las enfermedades y la desigualdad se convirtieron en parte esencial de la condici\u00f3n humana y por qu\u00e9 solo somos responsables de ello nosotros mismos.<\/p>\n<p>\u00bfDesolador? No con este elenco de divertidos personajes que contin\u00faan con el incre\u00edble viaje emprendido en el primer volumen. Yuval, Zoe, la profesora Saraswati, Cindy y Bill el Troglodita, la detective L\u00f3pez y la Doctora Ficci\u00f3n recorren nuestra historia para investigar c\u00f3mo la revoluci\u00f3n agr\u00edcola cambi\u00f3 la sociedad para siempre. El astuto Mephisto nos muestra c\u00f3mo engatusar a los humanos con plantas, c\u00f3mo el rey Hammurabi establece la ley y cu\u00e1l es la receta de Confucio para lograr una sociedad harmoniosa. Los or\u00edgenes de la agricultura moderna se cuentan a trav\u00e9s de la tragedia isabelina, la fortuna variable de las plantas y los animales domesticados se rastrean en las columnas del\u00a0Daily Business News, y la historia de la desigualdad se narra como si se tratase de una novela de detectives s\u00faperh\u00e9roes.<\/p>\n<p>Esta novela gr\u00e1fica constituye el segundo volumen de la adaptaci\u00f3n radical, ingeniosa y colorida\u00a0de Sapiens. Una breve historia de la humanidad, que ha vendido m\u00e1s de 18,5 millones de ejemplares en sesenta idiomas.\u00a0Los pilares de la civilizaci\u00f3n\u00a0puede leerse como continuaci\u00f3n del primer volumen o de forma independiente, y pretende entretener a nuevos lectores y contribuir a explorar las formas en que la biolog\u00eda y la historia nos han definido y nos han ayudado a comprender lo que significa ser \u00abhumano\u00bb.<\/p>\n<p>Si quieres averiguar por qu\u00e9 estamos todos atrapados en los sue\u00f1os de nuestros ancestros, este es tu libro ideal.<\/p>\n","protected":false},"excerpt":{"rendered":"<p>Qu\u00e9 suceder\u00eda si los humanos, doce mil a\u00f1os atr\u00e1s, hubi\u00e9semos ca\u00eddo en una trampa de la que no hemos sido capaces de escapar? Sapiens. Una historia gr\u00e1fica \u2013 Los pilares de la civilizaci\u00f3n\u00a0explica c\u00f3mo el\u00a0Homo sapiens\u00a0pas\u00f3 de ser una especie n\u00f3mada a una sedentaria y empez\u00f3 a trabajar m\u00e1s duro sin mejorar su nivel de [&hellip;]<\/p>\n","protected":false},"featured_media":2745,"comment_status":"open","ping_status":"closed","template":"","meta":{"_acf_changed":false,"product_autor":""},"product_cat":[47],"product_tag":[],"class_list":{"0":"post-2744","1":"product","2":"type-product","3":"status-publish","4":"has-post-thumbnail","6":"product_cat-historia-y-bibligrafias","8":"first","9":"instock","10":"virtual","11":"purchasable","12":"product-type-simple"},"acf":[],"_links":{"self":[{"href":"https:\/\/tulibreando.com\/index.php\/wp-json\/wp\/v2\/product\/2744"}],"collection":[{"href":"https:\/\/tulibreando.com\/index.php\/wp-json\/wp\/v2\/product"}],"about":[{"href":"https:\/\/tulibreando.com\/index.php\/wp-json\/wp\/v2\/types\/product"}],"replies":[{"embeddable":true,"href":"https:\/\/tulibreando.com\/index.php\/wp-json\/wp\/v2\/comments?post=2744"}],"wp:featuredmedia":[{"embeddable":true,"href":"https:\/\/tulibreando.com\/index.php\/wp-json\/wp\/v2\/media\/2745"}],"wp:attachment":[{"href":"https:\/\/tulibreando.com\/index.php\/wp-json\/wp\/v2\/media?parent=2744"}],"wp:term":[{"taxonomy":"product_cat","embeddable":true,"href":"https:\/\/tulibreando.com\/index.php\/wp-json\/wp\/v2\/product_cat?post=2744"},{"taxonomy":"product_tag","embeddable":true,"href":"https:\/\/tulibreando.com\/index.php\/wp-json\/wp\/v2\/product_tag?post=2744"}],"curies":[{"name":"wp","href":"https:\/\/api.w.org\/{rel}","templated":true}]}}