{"id":2733,"date":"2024-06-02T15:54:18","date_gmt":"2024-06-02T19:54:18","guid":{"rendered":"https:\/\/tulibreando.com\/?post_type=product&#038;p=2733"},"modified":"2024-06-06T15:18:01","modified_gmt":"2024-06-06T19:18:01","slug":"sapiens-una-historia-grafica","status":"publish","type":"product","link":"https:\/\/tulibreando.com\/index.php\/product\/sapiens-una-historia-grafica\/","title":{"rendered":"Sapiens una historia grafica"},"content":{"rendered":"<p><b>El primer volumen de la adaptaci\u00f3n gr\u00e1fica del fen\u00f3meno editorial de la no ficci\u00f3n,<\/b> <i><b>Sapiens. De animales a dioses<\/b><\/i><b> de<\/b> <b>Yuval Noah<\/b> <b>Harari,<\/b> <i><b>bestseller<\/b><\/i><b> internacional con m\u00e1s de<\/b> <b>veinti\u00fan<\/b> <b>millones de ejemplares vendidos, n\u00famero 1 en la lista de<\/b> <i><b>The New York Times<\/b><\/i><b>, recomendado por Barack Obama, Bill Gates y Mark<\/b> <b>Zuckerberg y repleto de magnificas ilustraciones.<\/b><\/p>\n<p><b>Conciso, ameno y divertido, un libro que fascinar\u00e1<\/b> <b>a todo tipo de lectores.<\/b><\/p>\n<p>En un mundo inundado de informaci\u00f3n irrelevante, la claridad es poder. \u00bfPodemos aspirar a una visi\u00f3n panor\u00e1mica de la especie humanasin caer en la espiral infinitade los peque\u00f1os detalles? Si damos un paso atr\u00e1s y la observamos con gran angular, s\u00ed. <i>Sapiens. Una historia gr\u00e1fica<\/i> es el brillante y provocador relato de c\u00f3mo un simio insignificante consigui\u00f3 imponerse en la lucha por la supervivencia y fue capaz de dominar el planeta Tierra, dividir el \u00e1tomo, llegar a la Luna y manipular el c\u00f3digo genetico.<\/p>\n","protected":false},"excerpt":{"rendered":"<p>El primer volumen de la adaptaci\u00f3n gr\u00e1fica del fen\u00f3meno editorial de la no ficci\u00f3n, Sapiens. De animales a dioses de Yuval Noah Harari, bestseller internacional con m\u00e1s de veinti\u00fan millones de ejemplares vendidos, n\u00famero 1 en la lista de The New York Times, recomendado por Barack Obama, Bill Gates y Mark Zuckerberg y repleto de [&hellip;]<\/p>\n","protected":false},"featured_media":2734,"comment_status":"open","ping_status":"closed","template":"","meta":{"_acf_changed":false,"product_autor":""},"product_cat":[47],"product_tag":[],"class_list":{"0":"post-2733","1":"product","2":"type-product","3":"status-publish","4":"has-post-thumbnail","6":"product_cat-historia-y-bibligrafias","8":"first","9":"instock","10":"virtual","11":"purchasable","12":"product-type-simple"},"acf":[],"_links":{"self":[{"href":"https:\/\/tulibreando.com\/index.php\/wp-json\/wp\/v2\/product\/2733"}],"collection":[{"href":"https:\/\/tulibreando.com\/index.php\/wp-json\/wp\/v2\/product"}],"about":[{"href":"https:\/\/tulibreando.com\/index.php\/wp-json\/wp\/v2\/types\/product"}],"replies":[{"embeddable":true,"href":"https:\/\/tulibreando.com\/index.php\/wp-json\/wp\/v2\/comments?post=2733"}],"wp:featuredmedia":[{"embeddable":true,"href":"https:\/\/tulibreando.com\/index.php\/wp-json\/wp\/v2\/media\/2734"}],"wp:attachment":[{"href":"https:\/\/tulibreando.com\/index.php\/wp-json\/wp\/v2\/media?parent=2733"}],"wp:term":[{"taxonomy":"product_cat","embeddable":true,"href":"https:\/\/tulibreando.com\/index.php\/wp-json\/wp\/v2\/product_cat?post=2733"},{"taxonomy":"product_tag","embeddable":true,"href":"https:\/\/tulibreando.com\/index.php\/wp-json\/wp\/v2\/product_tag?post=2733"}],"curies":[{"name":"wp","href":"https:\/\/api.w.org\/{rel}","templated":true}]}}