{"id":2725,"date":"2024-06-01T21:00:15","date_gmt":"2024-06-02T01:00:15","guid":{"rendered":"https:\/\/tulibreando.com\/?post_type=product&#038;p=2725"},"modified":"2024-06-06T15:18:01","modified_gmt":"2024-06-06T19:18:01","slug":"cazadores-de-sombras-2-ciudad-de-cenizas","status":"publish","type":"product","link":"https:\/\/tulibreando.com\/index.php\/product\/cazadores-de-sombras-2-ciudad-de-cenizas\/","title":{"rendered":"Cazadores de sombras 2 Ciudad de cenizas"},"content":{"rendered":"<p>Clary Fray desear\u00eda que su vida volviera a la normalidad. Si pudiera dejar atr\u00e1s el mundo de los cazadores de sombras, tendr\u00eda m\u00e1s tiempo para Simon, su mejor amigo, que se est\u00e1 convirtiendo en algo m\u00e1s&#8230; Pero el mundo subterr\u00e1neo que acaba de descubrir no est\u00e1 preparado para dejarla ir; en especial ese apuesto y exasperante Jace. Para complicar las cosas, una ola de asesinatos sacude la ciudad. Clary cree que Valentine est\u00e1 detr\u00e1s de esas muertes, pero \u00bfc\u00f3mo podr\u00e1 detenerle si Jace parece dispuesto a traicionar todo en lo que cree para ayudar a su padre? En esta soberbia secuela de Ciudad de Hueso, Cassandra Clare arrastra de nuevo a sus lectores a las siniestras garras del Submundo de Nueva York, donde el amor jam\u00e1s est\u00e1 a salvo y el poder se convierte en la tentaci\u00f3n m\u00e1s letal.<br \/>\nA partir de 14 a\u00f1os.<\/p>\n","protected":false},"excerpt":{"rendered":"<p>Clary Fray desear\u00eda que su vida volviera a la normalidad. Si pudiera dejar atr\u00e1s el mundo de los cazadores de sombras, tendr\u00eda m\u00e1s tiempo para Simon, su mejor amigo, que se est\u00e1 convirtiendo en algo m\u00e1s&#8230; Pero el mundo subterr\u00e1neo que acaba de descubrir no est\u00e1 preparado para dejarla ir; en especial ese apuesto y [&hellip;]<\/p>\n","protected":false},"featured_media":2726,"comment_status":"open","ping_status":"closed","template":"","meta":{"_acf_changed":false,"product_autor":""},"product_cat":[45],"product_tag":[],"class_list":{"0":"post-2725","1":"product","2":"type-product","3":"status-publish","4":"has-post-thumbnail","6":"product_cat-literatura-y-novelas","8":"first","9":"instock","10":"virtual","11":"purchasable","12":"product-type-simple"},"acf":[],"_links":{"self":[{"href":"https:\/\/tulibreando.com\/index.php\/wp-json\/wp\/v2\/product\/2725"}],"collection":[{"href":"https:\/\/tulibreando.com\/index.php\/wp-json\/wp\/v2\/product"}],"about":[{"href":"https:\/\/tulibreando.com\/index.php\/wp-json\/wp\/v2\/types\/product"}],"replies":[{"embeddable":true,"href":"https:\/\/tulibreando.com\/index.php\/wp-json\/wp\/v2\/comments?post=2725"}],"wp:featuredmedia":[{"embeddable":true,"href":"https:\/\/tulibreando.com\/index.php\/wp-json\/wp\/v2\/media\/2726"}],"wp:attachment":[{"href":"https:\/\/tulibreando.com\/index.php\/wp-json\/wp\/v2\/media?parent=2725"}],"wp:term":[{"taxonomy":"product_cat","embeddable":true,"href":"https:\/\/tulibreando.com\/index.php\/wp-json\/wp\/v2\/product_cat?post=2725"},{"taxonomy":"product_tag","embeddable":true,"href":"https:\/\/tulibreando.com\/index.php\/wp-json\/wp\/v2\/product_tag?post=2725"}],"curies":[{"name":"wp","href":"https:\/\/api.w.org\/{rel}","templated":true}]}}