{"id":2706,"date":"2024-06-01T14:24:58","date_gmt":"2024-06-01T18:24:58","guid":{"rendered":"https:\/\/tulibreando.com\/?post_type=product&#038;p=2706"},"modified":"2024-06-06T15:18:00","modified_gmt":"2024-06-06T19:18:00","slug":"cazadores-de-sombras-la-ciudad-de-los-angeles-caidos","status":"publish","type":"product","link":"https:\/\/tulibreando.com\/index.php\/product\/cazadores-de-sombras-la-ciudad-de-los-angeles-caidos\/","title":{"rendered":"Cazadores de sombras la ciudad de los \u00e1ngeles caidos"},"content":{"rendered":"<p>Alguien est\u00e1 dando muerte a los Cazadores de Sombras del c\u00edrculo de Valentine, y esas muertes enemistan de nuevo a los Cazadores de Sombras con los subterr\u00e1neos. S\u00f3lo Simon, ahora convertido en vampiro, podr\u00e1 evitar el enfrentamiento. Mientras, Clary y Jace descubrir\u00e1n un misterio que les llevar\u00e1 a fortalecer su relaci\u00f3n o&#8230; a destruirla para siempre.<\/p>\n","protected":false},"excerpt":{"rendered":"<p>Alguien est\u00e1 dando muerte a los Cazadores de Sombras del c\u00edrculo de Valentine, y esas muertes enemistan de nuevo a los Cazadores de Sombras con los subterr\u00e1neos. S\u00f3lo Simon, ahora convertido en vampiro, podr\u00e1 evitar el enfrentamiento. Mientras, Clary y Jace descubrir\u00e1n un misterio que les llevar\u00e1 a fortalecer su relaci\u00f3n o&#8230; a destruirla para [&hellip;]<\/p>\n","protected":false},"featured_media":2707,"comment_status":"open","ping_status":"closed","template":"","meta":{"_acf_changed":false,"product_autor":""},"product_cat":[45],"product_tag":[],"class_list":{"0":"post-2706","1":"product","2":"type-product","3":"status-publish","4":"has-post-thumbnail","6":"product_cat-literatura-y-novelas","8":"first","9":"instock","10":"virtual","11":"purchasable","12":"product-type-simple"},"acf":[],"_links":{"self":[{"href":"https:\/\/tulibreando.com\/index.php\/wp-json\/wp\/v2\/product\/2706"}],"collection":[{"href":"https:\/\/tulibreando.com\/index.php\/wp-json\/wp\/v2\/product"}],"about":[{"href":"https:\/\/tulibreando.com\/index.php\/wp-json\/wp\/v2\/types\/product"}],"replies":[{"embeddable":true,"href":"https:\/\/tulibreando.com\/index.php\/wp-json\/wp\/v2\/comments?post=2706"}],"wp:featuredmedia":[{"embeddable":true,"href":"https:\/\/tulibreando.com\/index.php\/wp-json\/wp\/v2\/media\/2707"}],"wp:attachment":[{"href":"https:\/\/tulibreando.com\/index.php\/wp-json\/wp\/v2\/media?parent=2706"}],"wp:term":[{"taxonomy":"product_cat","embeddable":true,"href":"https:\/\/tulibreando.com\/index.php\/wp-json\/wp\/v2\/product_cat?post=2706"},{"taxonomy":"product_tag","embeddable":true,"href":"https:\/\/tulibreando.com\/index.php\/wp-json\/wp\/v2\/product_tag?post=2706"}],"curies":[{"name":"wp","href":"https:\/\/api.w.org\/{rel}","templated":true}]}}