{"id":2694,"date":"2024-06-01T10:13:16","date_gmt":"2024-06-01T14:13:16","guid":{"rendered":"https:\/\/tulibreando.com\/?post_type=product&#038;p=2694"},"modified":"2024-06-06T15:17:58","modified_gmt":"2024-06-06T19:17:58","slug":"percy-jackson-y-los-dioses-griegos","status":"publish","type":"product","link":"https:\/\/tulibreando.com\/index.php\/product\/percy-jackson-y-los-dioses-griegos\/","title":{"rendered":"Percy Jackson y los dioses griegos"},"content":{"rendered":"<p>Como hijo de Poseid\u00f3n y madre humana, nadie puede hablarnos de los dioses griegos con mayor autoridad que Percy Jackson. En un breve parentesis de sus fabulosas aventuras, que tantos fans han cosechado en el mundo entero, Percy nos dar\u00e1 en este libro todo lo que queremos saber sobre los ol\u00edmpicos.<\/p>\n<p>Adem\u00e1s de un breve repaso al quien es quien de las deidades cl\u00e1sicas, Percy nos explica en que consisti\u00f3 la creaci\u00f3n del mundo.<\/p>\n","protected":false},"excerpt":{"rendered":"<p>Como hijo de Poseid\u00f3n y madre humana, nadie puede hablarnos de los dioses griegos con mayor autoridad que Percy Jackson. En un breve parentesis de sus fabulosas aventuras, que tantos fans han cosechado en el mundo entero, Percy nos dar\u00e1 en este libro todo lo que queremos saber sobre los ol\u00edmpicos. Adem\u00e1s de un breve [&hellip;]<\/p>\n","protected":false},"featured_media":2695,"comment_status":"open","ping_status":"closed","template":"","meta":{"_acf_changed":false,"product_autor":""},"product_cat":[46],"product_tag":[],"class_list":{"0":"post-2694","1":"product","2":"type-product","3":"status-publish","4":"has-post-thumbnail","6":"product_cat-para-peques-y-no-tan-peques","8":"first","9":"instock","10":"virtual","11":"purchasable","12":"product-type-simple"},"acf":[],"_links":{"self":[{"href":"https:\/\/tulibreando.com\/index.php\/wp-json\/wp\/v2\/product\/2694"}],"collection":[{"href":"https:\/\/tulibreando.com\/index.php\/wp-json\/wp\/v2\/product"}],"about":[{"href":"https:\/\/tulibreando.com\/index.php\/wp-json\/wp\/v2\/types\/product"}],"replies":[{"embeddable":true,"href":"https:\/\/tulibreando.com\/index.php\/wp-json\/wp\/v2\/comments?post=2694"}],"wp:featuredmedia":[{"embeddable":true,"href":"https:\/\/tulibreando.com\/index.php\/wp-json\/wp\/v2\/media\/2695"}],"wp:attachment":[{"href":"https:\/\/tulibreando.com\/index.php\/wp-json\/wp\/v2\/media?parent=2694"}],"wp:term":[{"taxonomy":"product_cat","embeddable":true,"href":"https:\/\/tulibreando.com\/index.php\/wp-json\/wp\/v2\/product_cat?post=2694"},{"taxonomy":"product_tag","embeddable":true,"href":"https:\/\/tulibreando.com\/index.php\/wp-json\/wp\/v2\/product_tag?post=2694"}],"curies":[{"name":"wp","href":"https:\/\/api.w.org\/{rel}","templated":true}]}}