{"id":2683,"date":"2024-06-01T09:56:53","date_gmt":"2024-06-01T13:56:53","guid":{"rendered":"https:\/\/tulibreando.com\/?post_type=product&#038;p=2683"},"modified":"2024-06-06T15:17:58","modified_gmt":"2024-06-06T19:17:58","slug":"danza-de-dragones-cancion-de-hielo-y-fuego-5","status":"publish","type":"product","link":"https:\/\/tulibreando.com\/index.php\/product\/danza-de-dragones-cancion-de-hielo-y-fuego-5\/","title":{"rendered":"Danza de dragones (Cancion de hielo y fuego 5)"},"content":{"rendered":"<div class=\"a-expander-content a-expander-partial-collapse-content\" aria-expanded=\"false\">\n<p><span class=\"a-text-bold\">Los cinco t\u00edtulos hasta ahora publicados de<\/span>\u00a0<span class=\"a-text-bold\">\u00abCanci\u00f3n de hielo y fuego\u00bb,<\/span>\u00a0<span class=\"a-text-bold a-text-italic\">Juego de tronos<\/span><span class=\"a-text-bold\">,<\/span>\u00a0<span class=\"a-text-bold a-text-italic\">Choque de reyes<\/span><span class=\"a-text-bold\">,<\/span>\u00a0<span class=\"a-text-bold a-text-italic\">Tormenta de espadas<\/span><span class=\"a-text-bold\">,<\/span>\u00a0<span class=\"a-text-bold a-text-italic\">Fest\u00edn de cuervos<\/span><span class=\"a-text-bold\">\u00a0y<\/span>\u00a0<span class=\"a-text-bold a-text-italic\">Danza de dragones<\/span><span class=\"a-text-bold\">, llegan a las librer\u00edas en una nueva edici\u00f3n que conquistar\u00e1 tanto a los fans de<\/span>\u00a0<span class=\"a-text-bold\">esta saga \u00e9pica como a aquellos que esperan la oportunidad perfecta para adentrarse en sus p\u00e1ginas por primera vez.<\/span><\/p>\n<p><span class=\"a-text-bold\">\u00abLarga vida a George Martin&#8230;<\/span>\u00a0<span class=\"a-text-bold\">Sacerdote literario, sabedor de su don para el personaje complejo, el lenguaje v\u00edvido y la visi\u00f3n salvaje de los mejores narradores.\u00bb<\/span><br \/>\n<span class=\"a-text-bold a-text-italic\">The New York Times<\/span><\/p>\n<p>\u00abMata al ni\u00f1o, Jon Nieve. El invierno se nos echa encima. Mata al ni\u00f1o y que nazca el hombre.\u00bb<\/p>\n<p>La victoria de los leones Lannister ha dejado tras de s\u00ed un interminable reguero de sangre: lord Tywin yace enterrado, asesinado por mano de su propio hijo; la reina Cersei est\u00e1 encadenada y el peque\u00f1o rey Tommen ocupa un trono que podr\u00eda matarlo. El destino de Poniente pende de un hilo.<\/p>\n<p>En el Muro, Jon Nieve se ve obligado a consolidar por la espada su rango como lord comandante de la Guardia de la Noche. Mientras, al otro lado del mar Angosto, Daenerys Targaryen, la Madre de Dragones, defiende su dominio contra hordas de enemigos tanto viejos como nuevos.<\/p>\n<p>Tras huir a las Ciudades Libres, el parricida Tyrion Lannister podr\u00eda ser la clave para que la sangre del drag\u00f3n, que nunca lleg\u00f3 a extinguirse por completo, resurja. No obstante, todo esfuerzo tal vez resulte ser en vano. Porque ahora, verdaderamente&#8230; se acerca el invierno.<\/p>\n<p>&nbsp;<\/p>\n<\/div>\n<div class=\"a-expander-header a-expander-partial-collapse-header\"><\/div>\n","protected":false},"excerpt":{"rendered":"<p>Los cinco t\u00edtulos hasta ahora publicados de\u00a0\u00abCanci\u00f3n de hielo y fuego\u00bb,\u00a0Juego de tronos,\u00a0Choque de reyes,\u00a0Tormenta de espadas,\u00a0Fest\u00edn de cuervos\u00a0y\u00a0Danza de dragones, llegan a las librer\u00edas en una nueva edici\u00f3n que conquistar\u00e1 tanto a los fans de\u00a0esta saga \u00e9pica como a aquellos que esperan la oportunidad perfecta para adentrarse en sus p\u00e1ginas por primera vez. \u00abLarga [&hellip;]<\/p>\n","protected":false},"featured_media":2684,"comment_status":"open","ping_status":"closed","template":"","meta":{"_acf_changed":false,"product_autor":""},"product_cat":[45],"product_tag":[],"class_list":{"0":"post-2683","1":"product","2":"type-product","3":"status-publish","4":"has-post-thumbnail","6":"product_cat-literatura-y-novelas","8":"first","9":"instock","10":"virtual","11":"purchasable","12":"product-type-simple"},"acf":[],"_links":{"self":[{"href":"https:\/\/tulibreando.com\/index.php\/wp-json\/wp\/v2\/product\/2683"}],"collection":[{"href":"https:\/\/tulibreando.com\/index.php\/wp-json\/wp\/v2\/product"}],"about":[{"href":"https:\/\/tulibreando.com\/index.php\/wp-json\/wp\/v2\/types\/product"}],"replies":[{"embeddable":true,"href":"https:\/\/tulibreando.com\/index.php\/wp-json\/wp\/v2\/comments?post=2683"}],"wp:featuredmedia":[{"embeddable":true,"href":"https:\/\/tulibreando.com\/index.php\/wp-json\/wp\/v2\/media\/2684"}],"wp:attachment":[{"href":"https:\/\/tulibreando.com\/index.php\/wp-json\/wp\/v2\/media?parent=2683"}],"wp:term":[{"taxonomy":"product_cat","embeddable":true,"href":"https:\/\/tulibreando.com\/index.php\/wp-json\/wp\/v2\/product_cat?post=2683"},{"taxonomy":"product_tag","embeddable":true,"href":"https:\/\/tulibreando.com\/index.php\/wp-json\/wp\/v2\/product_tag?post=2683"}],"curies":[{"name":"wp","href":"https:\/\/api.w.org\/{rel}","templated":true}]}}