{"id":2674,"date":"2024-06-01T09:30:26","date_gmt":"2024-06-01T13:30:26","guid":{"rendered":"https:\/\/tulibreando.com\/?post_type=product&#038;p=2674"},"modified":"2024-06-06T15:17:58","modified_gmt":"2024-06-06T19:17:58","slug":"sobreviviendo-al-siglo-xxi","status":"publish","type":"product","link":"https:\/\/tulibreando.com\/index.php\/product\/sobreviviendo-al-siglo-xxi\/","title":{"rendered":"Sobreviviendo al siglo XXI"},"content":{"rendered":"<p>Dos referentes mundiales del pensamiento contempor\u00e1neo se re\u00fanen en este libro para conversar acerca de temas trascendentales que afectan a la humanidad y debatir alternativas de cara al futuro. Por un lado, Jos\u00e9 Pepe Mujica, un expresidente y exguerrillero que ha logrado una enorme popularidad internacional por su mensaje de austeridad, sabidur\u00eda y sentido com\u00fan. Por otro lado, Noam Chomsky, el intelectual que revolucion\u00f3 la ling\u00fc\u00edstica para luego abordar una amplia gama de temas human\u00edsticos y filos\u00f3ficos de profunda actualidad. El documentalista mexicano Sa\u00fal Alv\u00eddrez logr\u00f3 reunirlos y generar el clima propicio para el intercambio fecundo de ideas.<\/p>\n","protected":false},"excerpt":{"rendered":"<p>Dos referentes mundiales del pensamiento contempor\u00e1neo se re\u00fanen en este libro para conversar acerca de temas trascendentales que afectan a la humanidad y debatir alternativas de cara al futuro. Por un lado, Jos\u00e9 Pepe Mujica, un expresidente y exguerrillero que ha logrado una enorme popularidad internacional por su mensaje de austeridad, sabidur\u00eda y sentido com\u00fan. [&hellip;]<\/p>\n","protected":false},"featured_media":2675,"comment_status":"open","ping_status":"closed","template":"","meta":{"_acf_changed":false,"product_autor":""},"product_cat":[40],"product_tag":[],"class_list":{"0":"post-2674","1":"product","2":"type-product","3":"status-publish","4":"has-post-thumbnail","6":"product_cat-tecnicos","8":"first","9":"instock","10":"virtual","11":"purchasable","12":"product-type-simple"},"acf":[],"_links":{"self":[{"href":"https:\/\/tulibreando.com\/index.php\/wp-json\/wp\/v2\/product\/2674"}],"collection":[{"href":"https:\/\/tulibreando.com\/index.php\/wp-json\/wp\/v2\/product"}],"about":[{"href":"https:\/\/tulibreando.com\/index.php\/wp-json\/wp\/v2\/types\/product"}],"replies":[{"embeddable":true,"href":"https:\/\/tulibreando.com\/index.php\/wp-json\/wp\/v2\/comments?post=2674"}],"wp:featuredmedia":[{"embeddable":true,"href":"https:\/\/tulibreando.com\/index.php\/wp-json\/wp\/v2\/media\/2675"}],"wp:attachment":[{"href":"https:\/\/tulibreando.com\/index.php\/wp-json\/wp\/v2\/media?parent=2674"}],"wp:term":[{"taxonomy":"product_cat","embeddable":true,"href":"https:\/\/tulibreando.com\/index.php\/wp-json\/wp\/v2\/product_cat?post=2674"},{"taxonomy":"product_tag","embeddable":true,"href":"https:\/\/tulibreando.com\/index.php\/wp-json\/wp\/v2\/product_tag?post=2674"}],"curies":[{"name":"wp","href":"https:\/\/api.w.org\/{rel}","templated":true}]}}