{"id":2667,"date":"2024-06-01T09:19:02","date_gmt":"2024-06-01T13:19:02","guid":{"rendered":"https:\/\/tulibreando.com\/?post_type=product&#038;p=2667"},"modified":"2024-06-06T15:17:58","modified_gmt":"2024-06-06T19:17:58","slug":"la-ultima-noche","status":"publish","type":"product","link":"https:\/\/tulibreando.com\/index.php\/product\/la-ultima-noche\/","title":{"rendered":"La ultima noche"},"content":{"rendered":"<p>Deja y Josiah son almas gemelas. Cada oto\u00f1o trabajan juntos para tener el mejor huerto de calabazas de la ciudad. Se despiden cuando termina Halloween y se re\u00fanen de nuevo en septiembre.<\/p>\n<p>Pero este a\u00f1o es diferente: Josie est\u00e1 a punto de terminar el instituto, as\u00ed que esta ser\u00e1 su \u00faltima temporada de cosecha, su \u00faltimo turno juntos, su \u00faltimo adi\u00f3s.<\/p>\n<p>Josie est\u00e1 listo para pasar toda la noche en plan melanc\u00f3lico (y le encanta ese papel), pero Deja tiene un plan: \u00bfqu\u00e9 tal si, en vez de pasarse la noche lament\u00e1ndose, la cierran por todo lo alto? \u00a1As\u00ed podr\u00edan disfrutar de verdad juntos! \u00a1Y probar la comida de todos los puestos dela feria! Incluso, tal vez, Josie se atrever\u00eda a hablar con esa chica por la que ha estado suspirando durante tres largos a\u00f1os.<\/p>\n<p>\u00bfQu\u00e9 pasar\u00eda si su \u00faltimo turno juntos se convirtiera en una aventura?<\/p>\n<p>Rainbow Rowell, la autora de<i>Eleonor&amp;Park<\/i>, y Faith Erin Hicks, artista ganadora del Premio Eisner, se han unido para crear este tierno e hilarante c\u00f3mic sobre dos irresistibles adolescentes que descubren lo que significa despedirse de un lugar querido -y de una persona- sin arrepentirse de nada.<\/p>\n","protected":false},"excerpt":{"rendered":"<p>Deja y Josiah son almas gemelas. Cada oto\u00f1o trabajan juntos para tener el mejor huerto de calabazas de la ciudad. Se despiden cuando termina Halloween y se re\u00fanen de nuevo en septiembre. Pero este a\u00f1o es diferente: Josie est\u00e1 a punto de terminar el instituto, as\u00ed que esta ser\u00e1 su \u00faltima temporada de cosecha, su [&hellip;]<\/p>\n","protected":false},"featured_media":2668,"comment_status":"open","ping_status":"closed","template":"","meta":{"_acf_changed":false,"product_autor":""},"product_cat":[46],"product_tag":[],"class_list":{"0":"post-2667","1":"product","2":"type-product","3":"status-publish","4":"has-post-thumbnail","6":"product_cat-para-peques-y-no-tan-peques","8":"first","9":"instock","10":"virtual","11":"purchasable","12":"product-type-simple"},"acf":[],"_links":{"self":[{"href":"https:\/\/tulibreando.com\/index.php\/wp-json\/wp\/v2\/product\/2667"}],"collection":[{"href":"https:\/\/tulibreando.com\/index.php\/wp-json\/wp\/v2\/product"}],"about":[{"href":"https:\/\/tulibreando.com\/index.php\/wp-json\/wp\/v2\/types\/product"}],"replies":[{"embeddable":true,"href":"https:\/\/tulibreando.com\/index.php\/wp-json\/wp\/v2\/comments?post=2667"}],"wp:featuredmedia":[{"embeddable":true,"href":"https:\/\/tulibreando.com\/index.php\/wp-json\/wp\/v2\/media\/2668"}],"wp:attachment":[{"href":"https:\/\/tulibreando.com\/index.php\/wp-json\/wp\/v2\/media?parent=2667"}],"wp:term":[{"taxonomy":"product_cat","embeddable":true,"href":"https:\/\/tulibreando.com\/index.php\/wp-json\/wp\/v2\/product_cat?post=2667"},{"taxonomy":"product_tag","embeddable":true,"href":"https:\/\/tulibreando.com\/index.php\/wp-json\/wp\/v2\/product_tag?post=2667"}],"curies":[{"name":"wp","href":"https:\/\/api.w.org\/{rel}","templated":true}]}}